{"id":2041,"date":"2024-02-07T15:57:51","date_gmt":"2024-02-07T19:57:51","guid":{"rendered":"https:\/\/consfiladelfia.esteri.it\/?page_id=2041"},"modified":"2024-02-07T16:01:47","modified_gmt":"2024-02-07T20:01:47","slug":"carta-didentita","status":"publish","type":"page","link":"https:\/\/consfiladelfia.esteri.it\/it\/servizi-consolari-e-visti\/servizi-per-il-cittadino-italiano\/carta-didentita\/","title":{"rendered":"Carta d&#8217;Identita&#8217; Elettronica &#8211; CIE"},"content":{"rendered":"<p>Il Consolato Generale d\u2019Italia a Filadelfia ha avviato in fase sperimentale il rilascio della <strong>carta d\u2019identit\u00e0 elettronica (CIE).<\/strong><\/p>\n<p>E&#8217; ora possibile\u00a0 richiedere la nuova Carta di identit\u00e0 elettronica, previo appuntamento, tramite la piattaforma <a href=\"https:\/\/prenotami.esteri.it\/\">PRENOT@MI.<\/a><\/p>\n<p>La carta d\u2019identit\u00e0 \u00e8 un documento personale di riconoscimento valido per identificarsi e circolare nell\u2019Unione Europea, in alcuni Stati aderenti all\u2019accordo di Schengen (ad es. Islanda, Norvegia e Svizzera) e in altri Stati con cui sono stati raggiunti accordi bilaterali (vedasi le singole \u201cschede Paese\u201d sul sito\u00a0<a href=\"http:\/\/www.viaggiaresicuri.it\/\">www.viaggiaresicuri.it<\/a>).<\/p>\n<p><strong>La CIE potr\u00e0 essere rilasciata esclusivamente ai cittadini italiani regolarmente residenti\u00a0nella propria circoscrizione consolare, che siano gi\u00e0 registrati nello schedario consolare e i cui dati anagrafici siano gi\u00e0 presenti nella banca dati A.I.R.E. (Anagrafe degli Italiani Residenti all\u2019Estero) del Ministero dell\u2019Interno (e in futuro in ANPR).<\/strong><\/p>\n<p>Ai fini dell\u2019emissione della CIE \u00e8 inoltre necessario possedere il\u00a0<strong>codice fiscale validato dall&#8217;Agenzia delle Entrate.\u00a0<\/strong><\/p>\n<ol>\n<li><strong>Validit\u00e0 temporale<\/strong><\/li>\n<\/ol>\n<p>La validit\u00e0 della carta d\u2019identit\u00e0 varia a seconda all\u2019et\u00e0 del titolare:<\/p>\n<ul>\n<li>\u00a03 anni per i minori di et\u00e0 inferiore a 3 anni;<\/li>\n<li>\u00a05 anni per i minori di et\u00e0 compresa tra i 3\u00a0e i 18 anni;<\/li>\n<li>\u00a010 anni per i maggiorenni.<\/li>\n<\/ul>\n<ol start=\"2\">\n<li><strong>Modalit\u00e0 di richiesta<\/strong><\/li>\n<\/ol>\n<p>La richiesta della carta d\u2019identit\u00e0 elettronica deve essere presentata utilizzando esclusivamente la piattaforma\u00a0<a href=\"https:\/\/prenotami.esteri.it\/\">Prenot@MI.<\/a><\/p>\n<p><strong>ATTENZIONE: Nel caso in cui, a seguito delle verifiche, emergessero elementi ostativi al rilascio della CIE, sar\u00e0 cura di questo Consolato informarne l\u2019interessato anche ai fini della cancellazione dell\u2019appuntamento.<\/strong><\/p>\n<p><strong>Si ricorda che l\u2019iscrizione in A.I.R.E. \u00e8 indispensabile ai fini della presentazione della domanda di emissione della CIE. \u00c8 altres\u00ec indispensabile, per i cittadini italiani nati all\u2019estero, che il relativo atto di nascita risulti gi\u00e0 trascritto nei registri di Stato Civile del Comune di riferimento, in quanto gli estremi della trascrizione devono essere riportati sulla CIE.<\/strong><\/p>\n<p><strong>La presenza del richiedente e\/o del titolare della carta richiesta \u00e8 obbligatoria.<\/strong><\/p>\n<p>Il giorno dell\u2019appuntamento in Consolato\u00a0 saranno acquisiti i dati biometrici e verr\u00e0 validato il dossier.<\/p>\n<p><strong>Nel caso di cambio di indirizzo di residenza<\/strong>\u00a0(rispetto a quello comunicato in precedenza all\u2019Ufficio consolare), \u00e8 necessario chiedere la variazione di indirizzo tramite il portale\u00a0<a href=\"https:\/\/serviziconsolari.esteri.it\/ScoFE\/index.sco\"><strong>FAST IT<\/strong><\/a>\u00a0prima di procedere alla prenotazione.<\/p>\n<ol start=\"3\">\n<li><strong>Appuntamento e documentazione da presentare:<\/strong><\/li>\n<\/ol>\n<p>All\u2019appuntamento il cittadino dovr\u00e0 presentarsi con i seguenti\u00a0<strong>documenti<\/strong>:<\/p>\n<ul>\n<li>1 fototessera, in formato cartaceo dello stesso tipo di quelle utilizzate per il passaporto;<\/li>\n<li>Precedente Carta d\u2019Identit\u00e0, se gi\u00e0 in possesso;<\/li>\n<li>Documento di riconoscimento italiano in corso di validita\u2019 ai sensi del D.P.R. 445\/2000 oppure documento di riconoscimento in corso di validita\u2019 USA oppure passaporto in corso di validita\u2019 per tutti gli altri Stati no USA. Se non in possesso dei precedenti documenti, il richiedente dovr\u00e0 presentarsi accompagnato da due testimoni;<\/li>\n<li>Dichiarazione di smarrimento\/furto precedente carta, se del caso;<\/li>\n<li>atto di assenso di entrambi genitori nel caso in cui il richiedente sia un minore di 18 anni.<br \/>\natto di assenso di entrambi genitori\u00a0\u00a0\u2013<\/p>\n<ul>\n<li>Se l\u2019altro genitore possiede la cittadinanza italiana o europea, pu\u00f2 rilasciare un assenso scritto (compilato e firmato) allegando copia del passaporto valido. L\u2019assenso deve essere datato entro i sei mesi dalla data dell\u2019appuntamento.<\/li>\n<li>Se l\u2019altro genitore NON possiede la cittadinanza italiana o europea, \u00e8 necessaria la presenza in consolato o la ricezione dell\u2019assenso via PEC da un\u2019altra autorit\u00e0 diplomatico consolare, Questura o Comune.<\/li>\n<\/ul>\n<\/li>\n<\/ul>\n<p>Al momento dell\u2019appuntamento l\u2019operatore consolare acquisir\u00e0\u00a0<strong>la foto e, salvo che per i minori di 12 anni, le impronte digitali<\/strong>,\u00a0<strong>e la firma<\/strong>, che saranno registrate in sicurezza all\u2019interno del microchip presente nella propria CIE e non depositate in nessun altro luogo.<\/p>\n<ol start=\"4\">\n<li><strong>Costo<\/strong><\/li>\n<\/ol>\n<p>Il pagamento dovr\u00e0 essere effettuato il giorno dell\u2019appuntamento tramite Money Order (si accettano solo USPS) o contanti. Verificare che l\u2019importo sia quello indicato nella <a href=\"https:\/\/consfiladelfia.esteri.it\/it\/servizi-consolari-e-visti\/servizi-per-il-cittadino-italiano\/altri-servizi\/tabella-diritti-consolari\/\">tabella consolare\u00a0aggiornata<\/a>.<\/p>\n<ol start=\"4\">\n<li><strong>Consegna della carta d\u2019identit\u00e0<\/strong><\/li>\n<\/ol>\n<p>La CIE viene stampata e poi recapitata a mezzo posta presso l\u2019indirizzo di residenza (o recapito) dichiarato dal richiedente, a cura dell\u2019Istituto Poligrafico e Zecca dello Stato, entro 15 giorni dalla data della richiesta in Consolato.<\/p>\n<p>In caso di mancata consegna per indirizzo errato, \u00e8 prevista la giacenza presso il locale ufficio postale, al termine della quale il plico viene restituito all\u2019Ufficio consolare di riferimento per un ulteriore tentativo di consegna.<\/p>\n","protected":false},"excerpt":{"rendered":"Il Consolato Generale d\u2019Italia a Filadelfia ha avviato in fase sperimentale il rilascio della carta d\u2019identit\u00e0 elettronica (CIE). E&#8217; ora possibile\u00a0 richiedere la nuova Carta di identit\u00e0 elettronica, previo appuntamento, tramite la piattaforma PRENOT@MI. La carta d\u2019identit\u00e0 \u00e8 un documento personale di riconoscimento valido per identificarsi e circolare nell\u2019Unione Europea, in alcuni Stati aderenti all\u2019accordo [&hellip;]","protected":false},"author":5,"featured_media":2039,"parent":59,"menu_order":5,"comment_status":"closed","ping_status":"closed","template":"","meta":{"footnotes":""},"class_list":["post-2041","page","type-page","status-publish","has-post-thumbnail","hentry"],"_links":{"self":[{"href":"https:\/\/consfiladelfia.esteri.it\/it\/wp-json\/wp\/v2\/pages\/2041","targetHints":{"allow":["GET"]}}],"collection":[{"href":"https:\/\/consfiladelfia.esteri.it\/it\/wp-json\/wp\/v2\/pages"}],"about":[{"href":"https:\/\/consfiladelfia.esteri.it\/it\/wp-json\/wp\/v2\/types\/page"}],"author":[{"embeddable":true,"href":"https:\/\/consfiladelfia.esteri.it\/it\/wp-json\/wp\/v2\/users\/5"}],"replies":[{"embeddable":true,"href":"https:\/\/consfiladelfia.esteri.it\/it\/wp-json\/wp\/v2\/comments?post=2041"}],"version-history":[{"count":2,"href":"https:\/\/consfiladelfia.esteri.it\/it\/wp-json\/wp\/v2\/pages\/2041\/revisions"}],"predecessor-version":[{"id":2044,"href":"https:\/\/consfiladelfia.esteri.it\/it\/wp-json\/wp\/v2\/pages\/2041\/revisions\/2044"}],"up":[{"embeddable":true,"href":"https:\/\/consfiladelfia.esteri.it\/it\/wp-json\/wp\/v2\/pages\/59"}],"wp:featuredmedia":[{"embeddable":true,"href":"https:\/\/consfiladelfia.esteri.it\/it\/wp-json\/wp\/v2\/media\/2039"}],"wp:attachment":[{"href":"https:\/\/consfiladelfia.esteri.it\/it\/wp-json\/wp\/v2\/media?parent=2041"}],"curies":[{"name":"wp","href":"https:\/\/api.w.org\/{rel}","templated":true}]}}