{"id":3040,"date":"2025-06-27T08:30:41","date_gmt":"2025-06-27T12:30:41","guid":{"rendered":"https:\/\/consfiladelfia.esteri.it\/?page_id=3040"},"modified":"2026-05-01T10:46:10","modified_gmt":"2026-05-01T14:46:10","slug":"genitore-che-possiede-esclusivamente-la-cittadinanza-italiana","status":"publish","type":"page","link":"https:\/\/consfiladelfia.esteri.it\/it\/servizi-consolari-e-visti\/servizi-per-il-cittadino-straniero\/cittadinanza\/cittadinanza-per-discendenza\/genitore-che-possiede-esclusivamente-la-cittadinanza-italiana\/","title":{"rendered":"Genitore che possiede esclusivamente la cittadinanza italiana"},"content":{"rendered":"<p><strong>ASCENDENTE DI PRIMO GRADO (GENITORE) CHE POSSIEDE, O POSSEDEVA AL MOMENTO DELLA MORTE,\u00a0ESCLUSIVAMENTE\u00a0LA CITTADINANZA ITALIANA.<\/strong><\/p>\n<p>Per poter presentare la domanda i richiedenti dovranno fornire:<\/p>\n<ol>\n<li><strong>ISTANZA <\/strong>(<b><a href=\"https:\/\/consfiladelfia.esteri.it\/wp-content\/uploads\/2025\/11\/Form-1.pdf\">Form 1<\/a>, <a href=\"https:\/\/consfiladelfia.esteri.it\/wp-content\/uploads\/2025\/11\/Form-2.pdf\">Form 2<\/a>, <a href=\"https:\/\/consfiladelfia.esteri.it\/wp-content\/uploads\/2025\/11\/Form-3.pdf\">Form 3<\/a>, <a href=\"https:\/\/consfiladelfia.esteri.it\/wp-content\/uploads\/2025\/11\/Form-4.pdf\">Form 4<\/a>, <a href=\"https:\/\/consfiladelfia.esteri.it\/wp-content\/uploads\/2025\/11\/modulo_multifunzionale_digitale-corretto.pdf\">Modulo Multifunzionale<\/a><\/b>) debitamente\u00a0compilata in tutte le sue parti,\u00a0non firmata. L\u2019istanza deve essere firmata di persona davanti a un ufficiale consolare il giorno dell\u2019appuntamento;<\/li>\n<li><strong>CERTIFICATI ORIGINALI <\/strong>di\u00a0<u>nascita<\/u>, di\u00a0<u>matrimonio\/unione civile<\/u>\u00a0e di\u00a0<u>morte <\/u>(se del caso) del\u00a0<strong>genitore<\/strong>\u00a0italiano del\/della richiedente (N.B. accertarsi che l\u2019atto di nascita sia in formato\u00a0<strong>integrale<\/strong> con l\u2019indicazione dei nomi dei genitori) rilasciati dal Comune italiano di pertinenza (ove gli atti sono trascritti. Qualora gli atti non fossero trascritti, come da obbligo di legge, occorre regolarizzare la posizione del genitore con l&#8217;Ufficio di Stato Civile del Consolato competente, prima di poter presentare istanza. Solo nel caso di genitore defunto, non iscritto presso un Consolato o iscritto presso questa sede, possiamo processare la documentazione originale degli atti mancanti* contestualmente all&#8217;istanza del richiedente);<\/li>\n<li><strong>CERTIFICATO STORICO DI RESIDENZA\u00a0<\/strong>rilasciato dal competente Comune di ultima residenza o di iscrizione AIRE del\u00a0<strong>genitore <\/strong>italiano;<\/li>\n<li><strong>DICHIARAZIONE\u00a0DI NON NATURALIZZAZIONE<\/strong> rilasciata dalle autorit\u00e0 di tutti i paesi in cui il\u00a0<strong>genitore <\/strong>abbia risieduto (come indicato nel Certificato Storico di Residenza). La Dichiarazione DEVE esplicitamente includere nella ricerca tutte le varianti e differenti grafie dei nomi cos\u00ec come appaiono nel resto della documentazione e corretta data di nascita. Per gli Stati Uniti, la lettera di no-records di USCIS DEVE specificare il File number (A-file). Per genitori viventi negli Stati Uniti, copia di una Greencard in corso di validit\u00e0 \u00e8 prova alternativa sufficiente insieme a copia di un recente timbro dell\u2019Immigrazione Statunitense su pagina del passaporto italiano. <em><strong>Se il genitore italiano ha acquistato, a qualsiasi titolo, una qualunque cittadinanza straniera prima della nascita del richiedente, non si ha diritto al riconoscimento della cittadinanza italiana. A meno che il genitore non abbia risieduto per 2 anni consecutivi in Italia prima della nascita del richiedente (come visibile dal certificato storico di residenza del genitore);<\/strong><\/em><\/li>\n<li>copia di valido <strong>PASSAPORTO ITALIANO<\/strong> del genitore (o ultimo passaporto, se disponibile, del genitore defunto);<\/li>\n<li><strong>CERTIFICATI ORIGINALI\u00a0<\/strong>di\u00a0<u>nascita*<\/u>integrale\u00a0(long form) del\/della\u00a0<strong>richiedente<\/strong>\u00a0ed eventuali certificati originali di\u00a0<u>matrimonio*\/unione civile* con relativa license*<\/u>\u00a0e\/o\u00a0<u>divorzio* con relativo passato in giudicato<\/u>\u00a0(per le modalit\u00e0 di presentazione delle sentenze di divorzio vedere\u00a0<a href=\"https:\/\/consfiladelfia.esteri.it\/it\/servizi-consolari-e-visti\/servizi-per-il-cittadino-italiano\/stato-civile\/trascrizione-atti-di-divorzio\/\"><strong>QUI<\/strong><\/a>).<br \/>\n<strong>N.B.<\/strong>: I richiedenti che hanno cambiato nome e\/o cognome a seguito di <u>ordinanza della corte<\/u>*, dovranno presentare la stessa con le stesse modalit\u00e0 degli altri certificati di stato civile. I richiedenti che hanno cambiato cognome per matrimonio occorre forniscano uno dei seguenti documenti aggiuntivi: <span style=\"text-decoration: underline;\">atto di matrimonio originale straniero con annotato il cambio*<\/span> di cognome (con Apostille e traduzione in italiano); <span style=\"text-decoration: underline;\">dichiarazione di un giudice statunitense*<\/span> circa le corrette generalit\u00e0 legali e univocit\u00e0 di identit\u00e0 per gli Stati Uniti (con Apostille e traduzione in italiano); <span style=\"text-decoration: underline;\">lettera del Social Security*<\/span> che attesti data e cambio di cognome con univocit\u00e0 di numero (con Apostille e traduzione in italiano).<\/li>\n<li><strong>PROVA DI INDIRIZZO <\/strong>del\/della\u00a0<u>richiedente<\/u>: patente statunitense + fotocopia della stessa e un\u2019altra prova (bolletta, estratto conto bancario, ecc.) non pi\u00f9 vecchi di tre mesi alla data dell\u2019appuntamento;<\/li>\n<li><strong>PASSPORTO <\/strong>del\/della\u00a0<u>richiedente<\/u>\u00a0in corso di validit\u00e0 (originale + fotocopia delle pagine con foto e firma);\n<ul>\n<li>Se del caso (cittadini non statunitensi alla nascita) copia della Greencard o della naturalizzazione statunitense.<\/li>\n<\/ul>\n<\/li>\n<li><strong>DIRITTO CONSOLARE<\/strong>DI \u20ac 600,00 da versare il giorno dell\u2019appuntamento (in US$) ESCLUSIVAMENTE tramite <span style=\"text-decoration: underline;\">US Postal Money Order<\/span> intestato a: \u201cItalian Consulate General of Philadelphia, Philadelphia\u201d ed \u00e8 soggetto a variazioni in base al tasso di cambio. L\u2019ammontare preciso pu\u00f2 essere consultato al seguente link, art.7b: <a href=\"https:\/\/consfiladelfia.esteri.it\/it\/servizi-consolari-e-visti\/servizi-per-il-cittadino-straniero\/indirizzi-utili\/tabella-diritti-consolari\/\">Tabella Diritti Consolari \u2013 Consolato Generale d\u2019Italia a Filadelfia (esteri.it)<\/a><\/li>\n<\/ol>\n<p><strong>\u00a0<\/strong><\/p>\n<p><strong>NOTA BENE:\u00a0<\/strong><u>tutti<\/u>\u00a0i certificati indicati con asterisco (*) devono essere presentati in\u00a0<u>originale<\/u>\u00a0e devono essere muniti di <u>Apostille<\/u> (o legalizzati dall\u2019Ambasciata\/Consolato italiano competente per i paesi che non aderiscono alla Convenzione dell\u2019Aja del 05.10.1961) e <u>tradotti in italiano<\/u>.<\/p>\n<p>&nbsp;<\/p>\n<p><strong>IMPORTANTE:<\/strong><\/p>\n<ul>\n<li>Ogni richiedente dovr\u00e0 consegnare tutta la documentazione originale utile all\u2019esame della propria istanza di cittadinanza.\u00a0<u>Non \u00e8 ammessa la condivisione<\/u>della stessa documentazione da parte di eventuali famigliari.<\/li>\n<li>I certificati per il riconoscimento della cittadinanza per discendenza non hanno scadenza.<\/li>\n<li>I certificati originali\u00a0<u>non verranno restituiti<\/u>indipendentemente dall\u2019esito dell\u2019stanza.<\/li>\n<li>Il contributo di euro 600 \u00e8 dovuto indipendentemente dall\u2019esito del procedimento. Esso non \u00e8 pertanto rimborsabile in caso di esito negativo.<\/li>\n<li>Il rigetto o diniego di istanza pu\u00f2 avvenire per vari motivi, quali interruzione della linea di discendenza, mancanza di continuit\u00e0 nel possesso dello stato di cittadino, dubbi sull\u2019identit\u00e0 degli avi, documentazione incompleta o errata (mancanza di atti o atti senza le informazioni necessarie alla trascrizione o discrepanze di nomi fra i documenti della stessa persona. Queste discrepanze vanno risolte con correzione della documentazione originale* e\/o sentenze*). E\u2019 responsabilit\u00e0 dei richiedenti consegnare un\u2019istanza completa e corretta.<\/li>\n<li>Come previsto dal DPM 3\/3\/2011, n. 90, il trattamento della pratica pu\u00f2 richiedere fino a due anni tempo per essere completato.<\/li>\n<\/ul>\n<p><strong>APPUNTAMENTO OBBLIGATORIO:<\/strong>\u00a0I richiedenti devono presentarsi di persona in Consolato solo previo appuntamento. Per le modalit\u00e0 di prenotazione dell\u2019appuntamento vedi\u00a0la <a href=\"https:\/\/consfiladelfia.esteri.it\/it\/servizi-consolari-e-visti\/servizi-per-il-cittadino-straniero\/cittadinanza\/\">pagina iniziale<\/a>.<\/p>\n<p>&nbsp;<\/p>\n","protected":false},"excerpt":{"rendered":"ASCENDENTE DI PRIMO GRADO (GENITORE) CHE POSSIEDE, O POSSEDEVA AL MOMENTO DELLA MORTE,\u00a0ESCLUSIVAMENTE\u00a0LA CITTADINANZA ITALIANA. Per poter presentare la domanda i richiedenti dovranno fornire: ISTANZA (Form 1, Form 2, Form 3, Form 4, Modulo Multifunzionale) debitamente\u00a0compilata in tutte le sue parti,\u00a0non firmata. L\u2019istanza deve essere firmata di persona davanti a un ufficiale consolare il giorno [&hellip;]","protected":false},"author":5,"featured_media":0,"parent":478,"menu_order":0,"comment_status":"closed","ping_status":"closed","template":"","meta":{"footnotes":""},"class_list":["post-3040","page","type-page","status-publish","hentry"],"_links":{"self":[{"href":"https:\/\/consfiladelfia.esteri.it\/it\/wp-json\/wp\/v2\/pages\/3040","targetHints":{"allow":["GET"]}}],"collection":[{"href":"https:\/\/consfiladelfia.esteri.it\/it\/wp-json\/wp\/v2\/pages"}],"about":[{"href":"https:\/\/consfiladelfia.esteri.it\/it\/wp-json\/wp\/v2\/types\/page"}],"author":[{"embeddable":true,"href":"https:\/\/consfiladelfia.esteri.it\/it\/wp-json\/wp\/v2\/users\/5"}],"replies":[{"embeddable":true,"href":"https:\/\/consfiladelfia.esteri.it\/it\/wp-json\/wp\/v2\/comments?post=3040"}],"version-history":[{"count":8,"href":"https:\/\/consfiladelfia.esteri.it\/it\/wp-json\/wp\/v2\/pages\/3040\/revisions"}],"predecessor-version":[{"id":5565,"href":"https:\/\/consfiladelfia.esteri.it\/it\/wp-json\/wp\/v2\/pages\/3040\/revisions\/5565"}],"up":[{"embeddable":true,"href":"https:\/\/consfiladelfia.esteri.it\/it\/wp-json\/wp\/v2\/pages\/478"}],"wp:attachment":[{"href":"https:\/\/consfiladelfia.esteri.it\/it\/wp-json\/wp\/v2\/media?parent=3040"}],"curies":[{"name":"wp","href":"https:\/\/api.w.org\/{rel}","templated":true}]}}