{"id":3061,"date":"2025-06-27T10:03:48","date_gmt":"2025-06-27T14:03:48","guid":{"rendered":"https:\/\/consfiladelfia.esteri.it\/?page_id=3061"},"modified":"2025-07-09T09:51:45","modified_gmt":"2025-07-09T13:51:45","slug":"modalita-di-riacquisto","status":"publish","type":"page","link":"https:\/\/consfiladelfia.esteri.it\/it\/servizi-consolari-e-visti\/servizi-per-il-cittadino-straniero\/cittadinanza\/riacquisto-di-cittadinanza\/modalita-di-riacquisto\/","title":{"rendered":"Modalit\u00e0 di riacquisto"},"content":{"rendered":"<p><strong>La dichiarazione di riacquisto da parte dell\u2019ex cittadino pu\u00f2 essere presentata tra il 1\u00b0 luglio 2025 e il 31 dicembre 2027.<\/strong><\/p>\n<p>La dichiarazione deve essere resa dall\u2019interessato di persona in Consolato.\u00a0L\u2019ex cittadino riacquista la cittadinanza italiana dal giorno successivo alla dichiarazione.\u00a0<u>La dichiarazione di riacquisto non ha effetto retroattivo<\/u>: dal giorno della perdita della cittadinanza (per i naturalizzati stranieri il giorno successivo all\u2019acquisto volontario della cittadinanza straniera) fino al giorno in cui \u00e8 presentata la dichiarazione di riacquisto, l\u2019interessato \u00e8 considerato straniero a tutti gli effetti di legge.<\/p>\n<p>Il riacquisto della cittadinanza comporta il riacquisto di diritti ed obblighi propri dello stato di cittadinanza, tra cui si segnalano:<\/p>\n<ul>\n<li>l\u2019obbligo di\u00a0<strong>iscrizione anagrafica<\/strong>\u00a0(AIRE);<\/li>\n<li>l\u2019obbligo di\u00a0<strong>aggiornare la propria posizione di stato civile<\/strong>\u00a0(ad esempio, fornendo l\u2019atto di matrimonio, gli atti con i quali i matrimoni precedenti sono stati sciolti, eccetera);<\/li>\n<li>il diritto di essere\u00a0<strong>iscritto alle liste elettorali<\/strong>;<\/li>\n<li>il diritto di ottenere il passaporto e la carta di identit\u00e0.<\/li>\n<\/ul>\n<p><strong>Il riacquisto della cittadinanza da parte della persona residente all\u2019estero non comporta pi\u00f9 l\u2019automatico acquisto della cittadinanza da parte del figlio minorenne convivente, se residente all\u2019estero.<\/strong>\u00a0Per tale acquisto \u00e8 ora necessario che il figlio minorenne sia\u00a0<u>convivente in Italia<\/u>\u00a0con il genitore che riacquista la cittadinanza\u00a0<u>per almeno due anni anteriormente al riacquisto<\/u>.<br \/>\nPertanto, i figli (minorenni o, a maggior ragione, maggiorenni) residenti all\u2019estero e nati prima del riacquisto della cittadinanza del genitore\u00a0<u>non acquistano<\/u>\u00a0la cittadinanza italiana. Tuttavia,\u00a0<u>se il genitore era originariamente cittadino italiano per nascita, il figlio nato prima del riacquisto potr\u00e0 acquistare la cittadinanza italiana con la residenza in Italia<\/u>\u00a0(articolo 4, comma 1, lettera c, o articolo 9, comma 1, lettera a, della legge n. 91\/1992).<br \/>\nPoich\u00e9 il genitore che riacquista la cittadinanza non \u00e8 pi\u00f9 un cittadino per nascita, non \u00e8 invece possibile presentare, la dichiarazione di cui all\u2019articolo 4, comma 1-bis, della legge n. 91\/1992 per la registrazione, entro un anno dallo stabilimento della filiazione, dei figli minorenni nati prima del riacquisto della cittadinanza da parte del genitore. Ugualmente non pu\u00f2 essere applicata l\u2019articolo 1, comma 1-ter, del decreto legge n. 36\/2025 per la registrazione dei figli minorenni al 24 maggio 2025 (data di entrata in vigore della legge n. 74\/2025).<\/p>\n<p><strong>Per prenotare un appuntamento<\/strong><\/p>\n<p>Inviare un\u2019email a\u00a0<a href=\"mailto:cittadinanza.filadelfia@esteri.it\">cittadinanza.filadelfia@esteri.it<\/a>\u00a0con oggetto \u201cRiacquisto della cittadinanza italiana_COGNOME, NOME\u201d allegando in formato PDF quanto indicato di seguito:<\/p>\n<ol>\n<li>Valido\u00a0<strong>documento di identit\u00e0 <\/strong>(passaporto) emesso dall\u2019autorit\u00e0 del Paese di attuale cittadinanza e sua fotocopia;<\/li>\n<li><strong>Prova di indirizzo: <\/strong>patente statunitense (e sua fotocopia) + altra prova (tipo bolletta, estratto conto bancario), non pi\u00f9 vecchi di tre mesi alla data dell\u2019appuntamento;<\/li>\n<li><strong>Atto di nascita\u00a0<\/strong>originale rilasciato dal Comune italiano di nascita, con indicati i nomi dei genitori;<\/li>\n<li><strong>Certificato storico di cittadinanza <\/strong>rilasciato dal competente Comune italiano (o di nascita o di ultima residenza) attestante il precedente possesso della cittadinanza italiana;<\/li>\n<li><strong>Ultimo passaporto italiano<\/strong>, se disponibile, e sua fotocopia;<\/li>\n<li><strong>Certificato di cittadinanza\/naturalizzazione\u00a0<\/strong>originale rilasciato dalle competenti autorit\u00e0 statunitensi e sua fotocopia;<\/li>\n<li>Se del caso, documentazione atta a dimostrare la\u00a0<strong>rinuncia alla cittadinanza italiana<\/strong>;<\/li>\n<li>Se vi sono sati <span style=\"text-decoration: underline;\">cambi di nome<\/span>: <strong>ordine della corte di cambio nome<\/strong>, in originale con Apostille e traduzione in italiano;<\/li>\n<li><strong>Diritto consolare <\/strong>di \u20ac 250 da versare il giorno dell\u2019appuntamento (in US$) tramite Postal Money Order intestato a: \u201cItalian Consulate General of Philadelphia, Philadelphia\u201d, soggetto a variazioni in base al tasso di cambio. L\u2019ammontare preciso pu\u00f2 essere consultato al seguente link, art.7-ter: <a href=\"https:\/\/consfiladelfia.esteri.it\/it\/servizi-consolari-e-visti\/servizi-per-il-cittadino-straniero\/indirizzi-utili\/tabella-diritti-consolari\/\">Tabella Diritti Consolari \u2013 Consolato Generale d\u2019Italia a Filadelfia (esteri.it)<\/a><\/li>\n<\/ol>\n<p>NON includere altro testo all\u2019email. Una volta che i documenti verranno valutati, se completi e corretti, vi verr\u00e0 assegnata una data per l\u2019appuntamento in presenza, al quale portare tutto quanto sopra. Cortesemente pazientate sino a risposta dall\u2019ufficio Cittadinanza, senza inviare ulteriori email.<\/p>\n<p><strong>N.B.<\/strong>\u00a0Non sar\u00e0 possibile ricorrere all\u2019utilizzo delle dichiarazioni sostitutive di cui agli articoli 46 e 47 del D.P.R. 28 dicembre 2000, n. 445 in sostituzione della documentazione di cui sopra.<\/p>\n","protected":false},"excerpt":{"rendered":"La dichiarazione di riacquisto da parte dell\u2019ex cittadino pu\u00f2 essere presentata tra il 1\u00b0 luglio 2025 e il 31 dicembre 2027. La dichiarazione deve essere resa dall\u2019interessato di persona in Consolato.\u00a0L\u2019ex cittadino riacquista la cittadinanza italiana dal giorno successivo alla dichiarazione.\u00a0La dichiarazione di riacquisto non ha effetto retroattivo: dal giorno della perdita della cittadinanza (per [&hellip;]","protected":false},"author":5,"featured_media":0,"parent":542,"menu_order":0,"comment_status":"closed","ping_status":"closed","template":"","meta":{"footnotes":""},"class_list":["post-3061","page","type-page","status-publish","hentry"],"_links":{"self":[{"href":"https:\/\/consfiladelfia.esteri.it\/it\/wp-json\/wp\/v2\/pages\/3061","targetHints":{"allow":["GET"]}}],"collection":[{"href":"https:\/\/consfiladelfia.esteri.it\/it\/wp-json\/wp\/v2\/pages"}],"about":[{"href":"https:\/\/consfiladelfia.esteri.it\/it\/wp-json\/wp\/v2\/types\/page"}],"author":[{"embeddable":true,"href":"https:\/\/consfiladelfia.esteri.it\/it\/wp-json\/wp\/v2\/users\/5"}],"replies":[{"embeddable":true,"href":"https:\/\/consfiladelfia.esteri.it\/it\/wp-json\/wp\/v2\/comments?post=3061"}],"version-history":[{"count":3,"href":"https:\/\/consfiladelfia.esteri.it\/it\/wp-json\/wp\/v2\/pages\/3061\/revisions"}],"predecessor-version":[{"id":3314,"href":"https:\/\/consfiladelfia.esteri.it\/it\/wp-json\/wp\/v2\/pages\/3061\/revisions\/3314"}],"up":[{"embeddable":true,"href":"https:\/\/consfiladelfia.esteri.it\/it\/wp-json\/wp\/v2\/pages\/542"}],"wp:attachment":[{"href":"https:\/\/consfiladelfia.esteri.it\/it\/wp-json\/wp\/v2\/media?parent=3061"}],"curies":[{"name":"wp","href":"https:\/\/api.w.org\/{rel}","templated":true}]}}