{"id":3180,"date":"2025-07-01T11:19:35","date_gmt":"2025-07-01T15:19:35","guid":{"rendered":"https:\/\/consfiladelfia.esteri.it\/?page_id=3180"},"modified":"2026-03-03T12:28:45","modified_gmt":"2026-03-03T16:28:45","slug":"dichiarazione-di-volonta","status":"publish","type":"page","link":"https:\/\/consfiladelfia.esteri.it\/it\/servizi-consolari-e-visti\/servizi-per-il-cittadino-italiano\/stato-civile\/trascrizione-atti-di-nascita\/dichiarazione-di-volonta\/","title":{"rendered":"Dichiarazione di volont\u00e0"},"content":{"rendered":"<p><strong>Modalit\u00e0 di presentazione della\u00a0<u>Dichiarazione di Volont\u00e0<\/u> entro tre anni dalla nascita del minore (o dal giorno successivo in cui \u00e8 stata stabilita la filiazione, anche adottiva, durante la minore et\u00e0)<\/strong><\/p>\n<p><strong>La dichiarazione di volont\u00e0 di acquisto della cittadinanza deve essere formale e avvenire di persona, alla presenza di dipendente delegato all\u2019esercizio delle funzioni di stato civile.<\/strong>\u00a0Se i genitori non rendono la dichiarazione contestualmente, il requisito di legge si considera soddisfatto alla data in cui \u00e8 presentata la dichiarazione del secondo genitore. Se la filiazione (anche adottiva) \u00e8 stabilita nei confronti di una sola persona (o se l\u2019altro genitore \u00e8 deceduto), sar\u00e0 sufficiente la dichiarazione di un solo genitore (la responsabilit\u00e0 di fornire una valida prova documentale di tale circostanza \u00e8\u00a0<u>esclusivamente a carico del richiedente<\/u>).<\/p>\n<p>La dichiarazione di acquisto si effettua in Consolato su appuntamento ed \u00e8 soggetta alla verifica delle condizioni di legge sopra illustrate. Vedasi esatte modalit\u00e0 sottostanti.<\/p>\n<p>Nel caso di\u00a0<strong>stabilimento della residenza legale del minore in Italia<\/strong>, la dichiarazione pu\u00f2 essere presentata anche successivamente al termine di tre anni dalla nascita, ma la residenza deve perdurare per almeno due anni continuativi dopo la dichiarazione di volont\u00e0 di acquisto della cittadinanza presentata dai genitori. <strong>Tale caso esula tuttavia dalla competenza del Consolato ed \u00e8 rimesso esclusivamente ai Comuni.<\/strong><\/p>\n<p>Per fissare un appuntamento per presentare la Dichiarazione di Volont\u00e0, mandare un\u2019email con oggetto \u201c<strong>Dichiarazione di Volont\u00e0<\/strong>\u201d all\u2019Ufficio DI STATO CIVILE (<a href=\"mailto:Statocivile.filadelfia@esteri.it\">Statocivile.filadelfia@esteri.it<\/a>) allegando in formato PDF quanto segue:<\/p>\n<p>&nbsp;<\/p>\n<ol>\n<li>Chiara <strong>prova che la cittadinanza italiana del genitore \u00e8 stata acquisita per discendenza e che quindi si \u00e8 cittadini dalla nascita<\/strong> (esempi: atto del tribunale, certificato di <span style=\"text-decoration: underline;\">cittadinanza italiana per nascita<\/span> emesso dal comune italiano, copia dei registri di cittadinanza del comune italiano che attesti l\u2019iscrizione del riconoscimento di cittadinanza avvenuto per procedimento amministrativo presso il comune stesso o presso qualsiasi altro consolato italiano all&#8217;estero, lettera o email del consolato italiano ricevuta all\u2019epoca del riconoscimento che dichiara cittadinanza per discendenza, copia del registro dell\u2019atto di nascita del comune che indica data dell\u2019iscrizione della nascita del genitore richiedente nei registri entro la minore et\u00e0 quindi provando che l\u2019iscrizione era per nascita da parte di genitori italiani);<\/li>\n<li>Certificato di matrimonio dei genitori, da richiedere al Comune italiano di iscrizione AIRE. Questo attesta l&#8217;avvenuta trascrizione del matrimonio presso il comune, come da obbligo di legge per i cittadini italiani residenti all&#8217;estero (indipendentemente da dove il matrimonio abbia avuto luogo nel mondo). E&#8217; tassativo che il matrimonio preceda la trascrizione dei figli. QUALORA i richiedenti non abbiano fatto trascrivere il proprio matrimonio, in via eccezionale data la scadenza per le dichiarazioni per beneficio di legge, sottomettere scansione dell&#8217;<a href=\"https:\/\/consfiladelfia.esteri.it\/it\/servizi-consolari-e-visti\/servizi-per-il-cittadino-italiano\/stato-civile\/trascrizione-atto-di-matrimonio\/\">intera documentazione originale necessaria per la trascrizione<\/a>, che avverr\u00e0 contestualmente.<\/li>\n<li>Atto integrale (&#8220;long form&#8221;) di nascita del minore rilasciato dalle competenti autorit\u00e0 statunitensi, munito di apostille e traduzione. Se del caso, includere anche uno dei seguenti (regolarmente muniti di apostille e traduzione certificata laddove necessario):\n<ul>\n<li>Riconoscimento di filiazione;<\/li>\n<li>Dichiarazione giudiziale di filiazione;<\/li>\n<li>Provvedimento di adozione;<\/li>\n<li>Documentazione comprovante la qualit\u00e0 di tutore o la condizione di unico genitore del\/della minore;<\/li>\n<\/ul>\n<\/li>\n<li><a href=\"https:\/\/consfiladelfia.esteri.it\/wp-content\/uploads\/2025\/11\/Modulo-trascrizione-NASCITA.pdf\">Modulo di richiesta<\/a> compilato e firmato;<\/li>\n<li>Recente prova di indirizzo (non pi\u00f9 vecchia di tre mesi): bolletta, council tax, o estratto conto bancario;<\/li>\n<li>Passaporti dei genitori (italiani e stranieri) e passaporto\/i del minore;<\/li>\n<\/ol>\n<p><strong>NOTA BENE<\/strong>: dopo la sottomissione <span style=\"text-decoration: underline;\"><strong>attendere di essere ricontattati<\/strong><\/span>. Non sollecitare status della pratica. Questo agevoler\u00e0 la celerit\u00e0 delle trattazioni.<\/p>\n<p>Laddove ci si avvalga della\u00a0<strong>norma transitoria<\/strong>\u00a0<strong>(art. 1, c. 1-ter del D.L. n. 36\/2025)<\/strong>, il figlio dovr\u00e0 essere di\u00a0<strong><u>minore et\u00e0 alla data del 24 maggio 2025, <\/u><\/strong>come prorogato dalla legge 28 febbraio 2026, n.26. La dichiarazione dovr\u00e0 essere regolarmente sottoscritta da entrambi i genitori <u>entro il 31 maggio 2029<\/u>\u00a0(\u00e8 esclusiva responsabilit\u00e0 del richiedente organizzarsi per tempo).\u00a0<strong>Includere<\/strong>, oltre a quanto sopra indicato, anche regolare certificazione originale comprovante che il genitore cittadino per nascita \u00e8 stato riconosciuto come tale sulla base di domanda amministrativa o giudiziale presentata entro le 23:59 (ora di Roma) del 27 marzo 2025, o sulla base di domanda di riconoscimento della cittadinanza italiana presentata sulla base di appuntamento comunicato dall\u2019Ufficio consolare o dal Comune entro la medesima data.<\/p>\n<ul>\n<li style=\"list-style-type: none;\">\n<ul>\n<li>Se l\u2019interessato, minorenne alla data del 24 maggio 2025, diviene nel frattempo maggiorenne, la dichiarazione dovr\u00e0 essere presentata da lui personalmente\u00a0<u>entro il 31 maggio 2029<\/u>.<\/li>\n<\/ul>\n<\/li>\n<\/ul>\n<p>&nbsp;<\/p>\n<p><strong>TUTTA<\/strong><strong>\u00a0LA DOCUMENTAZIONE DOVR\u00c0 ESSERE PRESENTATA IN ORIGINALE IL GIORNO DELL\u2019APPUNTAMENTO.<\/strong><\/p>\n<p><strong>N.B.<\/strong> Non \u00e8 possibile fissare appuntamenti telefonicamente, n\u00e9 fornire ulteriori delucidazioni pi\u00f9 accurate di quelle pubblicamente disponibili su queste pagine.<\/p>\n","protected":false},"excerpt":{"rendered":"Modalit\u00e0 di presentazione della\u00a0Dichiarazione di Volont\u00e0 entro tre anni dalla nascita del minore (o dal giorno successivo in cui \u00e8 stata stabilita la filiazione, anche adottiva, durante la minore et\u00e0) La dichiarazione di volont\u00e0 di acquisto della cittadinanza deve essere formale e avvenire di persona, alla presenza di dipendente delegato all\u2019esercizio delle funzioni di stato [&hellip;]","protected":false},"author":5,"featured_media":0,"parent":288,"menu_order":5,"comment_status":"closed","ping_status":"closed","template":"","meta":{"footnotes":""},"class_list":["post-3180","page","type-page","status-publish","hentry"],"_links":{"self":[{"href":"https:\/\/consfiladelfia.esteri.it\/it\/wp-json\/wp\/v2\/pages\/3180","targetHints":{"allow":["GET"]}}],"collection":[{"href":"https:\/\/consfiladelfia.esteri.it\/it\/wp-json\/wp\/v2\/pages"}],"about":[{"href":"https:\/\/consfiladelfia.esteri.it\/it\/wp-json\/wp\/v2\/types\/page"}],"author":[{"embeddable":true,"href":"https:\/\/consfiladelfia.esteri.it\/it\/wp-json\/wp\/v2\/users\/5"}],"replies":[{"embeddable":true,"href":"https:\/\/consfiladelfia.esteri.it\/it\/wp-json\/wp\/v2\/comments?post=3180"}],"version-history":[{"count":6,"href":"https:\/\/consfiladelfia.esteri.it\/it\/wp-json\/wp\/v2\/pages\/3180\/revisions"}],"predecessor-version":[{"id":4038,"href":"https:\/\/consfiladelfia.esteri.it\/it\/wp-json\/wp\/v2\/pages\/3180\/revisions\/4038"}],"up":[{"embeddable":true,"href":"https:\/\/consfiladelfia.esteri.it\/it\/wp-json\/wp\/v2\/pages\/288"}],"wp:attachment":[{"href":"https:\/\/consfiladelfia.esteri.it\/it\/wp-json\/wp\/v2\/media?parent=3180"}],"curies":[{"name":"wp","href":"https:\/\/api.w.org\/{rel}","templated":true}]}}