{"id":413,"date":"2023-05-25T09:42:12","date_gmt":"2023-05-25T13:42:12","guid":{"rendered":"https:\/\/consfiladelfia.esteri.it\/?page_id=413"},"modified":"2023-06-22T09:46:18","modified_gmt":"2023-06-22T13:46:18","slug":"chi-puo-iscriversi-allaire","status":"publish","type":"page","link":"https:\/\/consfiladelfia.esteri.it\/it\/servizi-consolari-e-visti\/servizi-per-il-cittadino-italiano\/anagrafe-degli-italiani-residenti-allestero-aire\/chi-puo-iscriversi-allaire\/","title":{"rendered":"Chi pu\u00f2 iscriversi all&#8217;AIRE"},"content":{"rendered":"<ul>\n<li>I cittadini italiani che intendono spostare la propria residenza all\u2019estero per un periodo superiore ai dodici mesi. Ai sensi dell\u2019art 43 del Codice Civile, la residenza \u00e8 il luogo di abituale dimora, cio\u00e8 il luogo dove solitamente si svolge la vita familiare, lavorativa e sociale; l&#8217;iscrizione NON \u00e8 legata al possesso di visto di residenza permanente (green card)<\/li>\n<li>I cittadini italiani nati all\u2019estero e da sempre residenti al di fuori del territorio italiano;<\/li>\n<li>I cittadini che acquisiscono la cittadinanza italiana all\u2019estero.<\/li>\n<\/ul>\n","protected":false},"excerpt":{"rendered":"I cittadini italiani che intendono spostare la propria residenza all\u2019estero per un periodo superiore ai dodici mesi. Ai sensi dell\u2019art 43 del Codice Civile, la residenza \u00e8 il luogo di abituale dimora, cio\u00e8 il luogo dove solitamente si svolge la vita familiare, lavorativa e sociale; l&#8217;iscrizione NON \u00e8 legata al possesso di visto di residenza [&hellip;]","protected":false},"author":3,"featured_media":0,"parent":85,"menu_order":0,"comment_status":"closed","ping_status":"closed","template":"","meta":{"footnotes":""},"class_list":["post-413","page","type-page","status-publish","hentry"],"_links":{"self":[{"href":"https:\/\/consfiladelfia.esteri.it\/it\/wp-json\/wp\/v2\/pages\/413","targetHints":{"allow":["GET"]}}],"collection":[{"href":"https:\/\/consfiladelfia.esteri.it\/it\/wp-json\/wp\/v2\/pages"}],"about":[{"href":"https:\/\/consfiladelfia.esteri.it\/it\/wp-json\/wp\/v2\/types\/page"}],"author":[{"embeddable":true,"href":"https:\/\/consfiladelfia.esteri.it\/it\/wp-json\/wp\/v2\/users\/3"}],"replies":[{"embeddable":true,"href":"https:\/\/consfiladelfia.esteri.it\/it\/wp-json\/wp\/v2\/comments?post=413"}],"version-history":[{"count":0,"href":"https:\/\/consfiladelfia.esteri.it\/it\/wp-json\/wp\/v2\/pages\/413\/revisions"}],"up":[{"embeddable":true,"href":"https:\/\/consfiladelfia.esteri.it\/it\/wp-json\/wp\/v2\/pages\/85"}],"wp:attachment":[{"href":"https:\/\/consfiladelfia.esteri.it\/it\/wp-json\/wp\/v2\/media?parent=413"}],"curies":[{"name":"wp","href":"https:\/\/api.w.org\/{rel}","templated":true}]}}