{"id":444,"date":"2023-05-25T10:22:51","date_gmt":"2023-05-25T14:22:51","guid":{"rendered":"https:\/\/consfiladelfia.esteri.it\/?page_id=444"},"modified":"2023-06-22T11:16:57","modified_gmt":"2023-06-22T15:16:57","slug":"richiesta-di-certificati-anagrafici","status":"publish","type":"page","link":"https:\/\/consfiladelfia.esteri.it\/it\/servizi-consolari-e-visti\/servizi-per-il-cittadino-italiano\/anagrafe-degli-italiani-residenti-allestero-aire\/richiesta-di-certificati-anagrafici\/","title":{"rendered":"Richiesta di certificati anagrafici"},"content":{"rendered":"<p style=\"margin-top: 0cm; background: white;\"><span style=\"font-size: 13.5pt; font-family: 'Titillium Web',serif; color: #19191a;\">Si comunica che, a partire dal 15 novembre 2021, i cittadini iscritti nelle anagrafi italiane (sia APR che AIRE) hanno la possibilita\u2019 di richiedere direttamente online diversi tipi di certificati anagrafici. Il rilascio di tali certificati \u00e8 gratuito e naturalmente possibile solo a condizione di avere un\u2019 identit\u00e0 digitale (CIE, Spid o CNS), dal momento che tale modalit\u00e0 \u00e8 ormai l\u2019unica in Italia per accedere ai servizi telematici erogati dalla Pubblica Amministrazione.<\/span><\/p>\n<p style=\"margin-top: 0cm; background: white;\"><span style=\"font-size: 13.5pt; font-family: 'Titillium Web',serif; color: #19191a;\">Il sito al quale \u00e8 necessario connettersi \u00e8:\u00a0<\/span><a href=\"https:\/\/www.anagrafenazionale.interno.it\/servizi-al-cittadino\" target=\"_blank\" rel=\"noopener\"><span style=\"font-size: 13.5pt; font-family: 'Titillium Web',serif; color: #0066cc;\">\u00a0https:\/\/www.anagrafenazionale.interno.it\/servizi-al-cittadino<\/span><\/a><span style=\"font-size: 13.5pt; font-family: 'Titillium Web',serif; color: #19191a;\">\/<\/span><\/p>\n<p style=\"margin-top: 0cm; background: white;\"><span style=\"font-size: 13.5pt; font-family: 'Titillium Web',serif; color: #19191a;\">I\u00a0certificati che si possono richiedere, per se\u2019 oppure per i familiari conviventi anagraficamente, sono:<\/span><\/p>\n<p style=\"margin-top: 0cm; background: white;\"><span style=\"font-size: 13.5pt; font-family: 'Titillium Web',serif; color: #19191a;\">\u25cf Anagrafico di nascita<\/span><\/p>\n<p style=\"margin-top: 0cm; background: white;\"><span style=\"font-size: 13.5pt; font-family: 'Titillium Web',serif; color: #19191a;\">\u25cf Anagrafico di matrimonio<\/span><\/p>\n<p style=\"margin-top: 0cm; background: white;\"><span style=\"font-size: 13.5pt; font-family: 'Titillium Web',serif; color: #19191a;\">\u25cf di Cittadinanza<\/span><\/p>\n<p style=\"margin-top: 0cm; background: white;\"><span style=\"font-size: 13.5pt; font-family: 'Titillium Web',serif; color: #19191a;\">\u25cf di Esistenza in vita<\/span><\/p>\n<p style=\"margin-top: 0cm; background: white;\"><span style=\"font-size: 13.5pt; font-family: 'Titillium Web',serif; color: #19191a;\">\u25cf di Residenza<\/span><\/p>\n<p style=\"margin-top: 0cm; background: white;\"><span style=\"font-size: 13.5pt; font-family: 'Titillium Web',serif; color: #19191a;\">\u25cf di Residenza AIRE<\/span><\/p>\n<p style=\"margin-top: 0cm; background: white;\"><span style=\"font-size: 13.5pt; font-family: 'Titillium Web',serif; color: #19191a;\">\u25cf di Stato civile<\/span><\/p>\n<p style=\"margin-top: 0cm; background: white;\"><span style=\"font-size: 13.5pt; font-family: 'Titillium Web',serif; color: #19191a;\">\u25cf di Stato di famiglia<\/span><\/p>\n<p style=\"margin-top: 0cm; background: white;\"><span style=\"font-size: 13.5pt; font-family: 'Titillium Web',serif; color: #19191a;\">\u25cf di Stato di famiglia e di stato civile<\/span><\/p>\n<p>&nbsp;<\/p>\n<p><a href=\"https:\/\/www.anagrafenazionale.interno.it\/\" target=\"_blank\" rel=\"noopener\"><img loading=\"lazy\" decoding=\"async\" class=\"alignnone  wp-image-1204 img-fluid\" src=\"https:\/\/consfiladelfia.esteri.it\/wp-content\/uploads\/2023\/06\/anpr-logo-2-300x188.jpeg\" alt=\"\" width=\"275\" height=\"172\" srcset=\"https:\/\/consfiladelfia.esteri.it\/wp-content\/uploads\/2023\/06\/anpr-logo-2-300x188.jpeg 300w, https:\/\/consfiladelfia.esteri.it\/wp-content\/uploads\/2023\/06\/anpr-logo-2-1024x640.jpeg 1024w, https:\/\/consfiladelfia.esteri.it\/wp-content\/uploads\/2023\/06\/anpr-logo-2-768x480.jpeg 768w\" sizes=\"auto, (max-width: 275px) 100vw, 275px\" \/><\/a><!--more--><\/p>\n","protected":false},"excerpt":{"rendered":"Si comunica che, a partire dal 15 novembre 2021, i cittadini iscritti nelle anagrafi italiane (sia APR che AIRE) hanno la possibilita\u2019 di richiedere direttamente online diversi tipi di certificati anagrafici. Il rilascio di tali certificati \u00e8 gratuito e naturalmente possibile solo a condizione di avere un\u2019 identit\u00e0 digitale (CIE, Spid o CNS), dal momento [&hellip;]","protected":false},"author":3,"featured_media":0,"parent":85,"menu_order":12,"comment_status":"closed","ping_status":"closed","template":"","meta":{"footnotes":""},"class_list":["post-444","page","type-page","status-publish","hentry"],"_links":{"self":[{"href":"https:\/\/consfiladelfia.esteri.it\/it\/wp-json\/wp\/v2\/pages\/444","targetHints":{"allow":["GET"]}}],"collection":[{"href":"https:\/\/consfiladelfia.esteri.it\/it\/wp-json\/wp\/v2\/pages"}],"about":[{"href":"https:\/\/consfiladelfia.esteri.it\/it\/wp-json\/wp\/v2\/types\/page"}],"author":[{"embeddable":true,"href":"https:\/\/consfiladelfia.esteri.it\/it\/wp-json\/wp\/v2\/users\/3"}],"replies":[{"embeddable":true,"href":"https:\/\/consfiladelfia.esteri.it\/it\/wp-json\/wp\/v2\/comments?post=444"}],"version-history":[{"count":0,"href":"https:\/\/consfiladelfia.esteri.it\/it\/wp-json\/wp\/v2\/pages\/444\/revisions"}],"up":[{"embeddable":true,"href":"https:\/\/consfiladelfia.esteri.it\/it\/wp-json\/wp\/v2\/pages\/85"}],"wp:attachment":[{"href":"https:\/\/consfiladelfia.esteri.it\/it\/wp-json\/wp\/v2\/media?parent=444"}],"curies":[{"name":"wp","href":"https:\/\/api.w.org\/{rel}","templated":true}]}}