{"id":535,"date":"2023-05-25T14:39:25","date_gmt":"2023-05-25T18:39:25","guid":{"rendered":"https:\/\/consfiladelfia.esteri.it\/?page_id=535"},"modified":"2025-04-10T12:01:24","modified_gmt":"2025-04-10T16:01:24","slug":"cittadinanza-per-matrimonio","status":"publish","type":"page","link":"https:\/\/consfiladelfia.esteri.it\/it\/servizi-consolari-e-visti\/servizi-per-il-cittadino-straniero\/cittadinanza\/cittadinanza-per-matrimonio\/","title":{"rendered":"Cittadinanza per matrimonio"},"content":{"rendered":"<p><strong>1 &#8211; Cenni normativi<\/strong><\/p>\n<p>Coloro che richiedono la cittadinanza italiana per matrimonio o unione civile devono essere a conoscenza dei doveri nei confronti della Repubblica italiana, primi fra tutti l\u2019adesione ai valori nazionali e l\u2019irreprensibilit\u00e0 della condotta.<\/p>\n<p>L\u2019acquisto della cittadinanza italiana da parte del coniuge straniero o apolide che abbia contratto matrimonio con cittadino italiano a partire dal 27 aprile 1983 \u00e8 attualmente regolato dalla Legge 5 febbraio 1992 n. 91 (artt. 5, 6, 7 e 8) e successive modifiche.<\/p>\n<p>Le richieste di cittadinanza italiana possono essere presentate anche da parte del cittadino o della cittadina stranieri che hanno costituito un\u2019unione civile con cittadino\/a italiano\/a trascritta nei registri dello stato civile del Comune italiano (D. Lgs. 5, 6 e 7\/ 2017).<\/p>\n<p>Il coniuge\/parte dell\u2019unione civile straniero pu\u00f2 acquistare la cittadinanza italiana su domanda, in presenza dei requisiti stabiliti dalla normativa vigente, come spiegato nelle sezioni successive.<\/p>\n<p>Riferimenti normativi:<\/p>\n<p>Legge N.123 del 21 aprile 1983<\/p>\n<p>Legge N. 91 del 5 febbraio 1992<\/p>\n<p>Decreti legislativi N. 5, 6 e 7 del 19 gennaio 2017<\/p>\n<p>Decreto Legge N. 113 del 4 ottobre 2018 (decreto sicurezza), convertito dalla Legge N.132 del 1 dicembre 2018<\/p>\n<p>Decreto Legge N. 130 del 21 ottobre 2020, convertito dalla Legge N. 173 del 18 dicembre 2020<\/p>\n<p>&nbsp;<\/p>\n<p><strong>2 &#8211; Requisiti per la richiesta della cittadinanza<\/strong><\/p>\n<p>Residenza nella circoscrizione consolare:<\/p>\n<ul>\n<li>Il richiedente dovr\u00e0 indirizzare la domanda alla Rappresentanza diplomatico-consolare competente per la sua residenza;<\/li>\n<li>Il coniuge\/parte dell\u2019unione civile di nazionalit\u00e0 italiana deve essere residente e regolarmente iscritto all\u2019anagrafe degli italiani residenti all\u2019estero (A.I.R.E.) della circoscrizione consolare di competenza e convivente allo stesso indirizzo del richiedente la cittadinanza. In caso contrario, dovr\u00e0 fornire documentazione comprovante la motivazione (es. lavoro, scolarit\u00e0 dei figli, cure mediche o altro), che determina o ha determinato la necessit\u00e0 di domicilio disgiunto;<\/li>\n<\/ul>\n<p>Termini di presentazione: la domanda pu\u00f2 essere presentata tre anni dopo il matrimonio\/unione civile se il coniuge \u00e8 cittadino italiano iure sanguinis; in caso di naturalizzazione avvenuta dopo il matrimonio, i tre anni decorrono dalla data della naturalizzazione del coniuge. I tre anni vengono ridotti a un anno e mezzo in presenza di figli minori nati o adottati dai coniugi;<\/p>\n<p>Trascrizione del matrimonio\/unione civile: se avvenuti all&#8217;estero, devono essere stati trascritti presso il Comune in Italia;<\/p>\n<p>Validit\u00e0 del matrimonio\/unione civile e stabilit\u00e0 del vincolo di coniugio\/unione civile fino all\u2019adozione del provvedimento di concessione della cittadinanza. Al fine del conferimento della cittadinanza italiana, alla data di adozione del decreto non devono essere intervenuti lo scioglimento, l\u2019annullamento o la cessazione degli effetti civili del matrimonio\/unione civile (separazione personale, divorzio, decesso del coniuge o parte dell\u2019unione civile);<\/p>\n<p>Assenza di sentenze di condanna da parte delle Autorit\u00e0 giudiziarie italiane per reati per i quali sia prevista una pena superiore a tre anni di reclusione;<\/p>\n<p>Assenza di sentenze di condanna da parte delle Autorit\u00e0 giudiziarie straniere ad una pena superiore ad un anno per reati non politici;<\/p>\n<p>Assenza di condanne per delitti contro la personalit\u00e0 dello Stato;<\/p>\n<p>Assenza di motivi ostativi per la sicurezza della Repubblica;<\/p>\n<p>Conoscenza della lingua italiana non inferiore a livello B1 del Quadro Comune Europeo di Riferimento (QCER).<\/p>\n<p>Pagamento delle tasse e percezioni indicate nella sezione documenti e costi.<\/p>\n<p>&nbsp;<\/p>\n<p><strong>3 &#8211;\u00a0Documenti necessari per la richiesta di cittadinanza<\/strong><\/p>\n<p>1. Estratto dell\u2019atto di nascita o equivalente: in originale, rilasciato possibilmente da non oltre sei mesi dal Paese in cui si \u00e8 nati, completo di tutte le generalit\u00e0 (incluse paternit\u00e0 e maternit\u00e0), debitamente legalizzato\/apostillato e tradotto in lingua italiana.<\/p>\n<p>La traduzione in italiano deve essere certificata conforme dall\u2019Ambasciata\/Consolato competente o legalizzata con Apostille.<\/p>\n<p>In merito, si raccomanda di verificare le relative istruzioni pubblicate nei siti degli uffici consolari italiani nel Paese di emissione del certificato.<\/p>\n<p>Alcune informazioni sui certificati di nascita statunitensi<\/p>\n<p>2. Certificato Penale del Paese di origine e degli eventuali Paesi terzi di residenza \u00a0\u2013 tranne l\u2019Italia \u2013 e dei Paesi di cui si possiede la cittadinanza, in originale, rilasciato non oltre sei mesi prima della presentazione della domanda, debitamente legalizzato\/apostillato e tradotto in lingua italiana.<\/p>\n<p>La traduzione in italiano deve essere certificata conforme dall\u2019Ambasciata\/Consolato competente o legalizzata con Apostille.<\/p>\n<p>Si rammenta che le persone che hanno assunto il cognome del coniuge o comunque cambiato nome dovranno richiedere i certificati penali agli uffici competenti con il nome posseduto correntemente nonch\u00e9 con il nome risultante dall\u2019atto di nascita e con ogni altro nome con cui siano o siano stati conosciuti, nella modalit\u00e0 \u201ca.k.a\u201d. oppure \u201cformerly known as\u201d.<\/p>\n<p>Alcune informazioni sui certificati penali statunitensi<\/p>\n<p>Per gli USA, oltre al certificato penale dello Stato di origine\/residenza, dovr\u00e0 essere presentato anche il certificato penale federale rilasciato dal Federal Bureau of Investigation, CJIS Division.<\/p>\n<p>L&#8217;Apostille dovr\u00e0 essere rilasciata dal Dipartimento di Stato di Washington DC e dovr\u00e0 legalizzare la firma dell&#8217;ufficiale FBI che ha firmato il certificato.<\/p>\n<p>3. Versamento del contributo di euro 250,00 a favore del Ministero dell\u2019Interno. A partire dal 25 maggio 2022 il pagamento dell&#8217;imposta di bollo (solo fino al 31.12.204) e\/o del contributo di 250\u20ac tramite PagoPA direttamente dal portale contestualmente alla presentazione della domanda.<\/p>\n<p>4. Documento di identit\u00e0: fotocopia del passaporto in corso di validit\u00e0 (pagine con i dati personali, fotografia, date di rilascio e scadenza.<\/p>\n<p>5. Copia integrale dell\u2019atto di matrimonio o estratto per riassunto del registro dei matrimoni, da richiedere al competente Comune italiano in cui l\u2019atto risulta trascritto, rilasciato da non oltre sei mesi prima dell\u2019istanza.<\/p>\n<p>NOTA BENE: Qualora il richiedente sia un cittadino UE, potr\u00e0 avvalersi dell\u2019autocertificazione al posto dell\u2019atto di matrimonio (DPR 445\/2000)<\/p>\n<p>6. Certificato di conoscenza della lingua italiana non inferiore al livello B1 del Quadro Comune Europeo di Riferimento (QCER) o titolo di studio rilasciato da un istituto di istruzione pubblico o paritario riconosciuto dal Ministero dell\u2019Istruzione, dell\u2019Universit\u00e0 e della Ricerca e dal Ministero degli Affari Esteri e della Cooperazione internazionale.<\/p>\n<p>Gli enti certificatori CLIQ (Certificazione Lingua Italiana di Qualit\u00e0) &#8211; eventualmente in regime di collaborazione con i locali istituti italiani di cultura \u2013 sono esclusivamente l\u2019Universit\u00e0 per stranieri di Siena, l\u2019Universit\u00e0 per stranieri di Perugia, l\u2019Universit\u00e0 Roma Tre e la Societ\u00e0 Dante Alighieri<\/p>\n<p>Non sono tenuti alla presentazione del titolo di conoscenza della lingua italiana:<br \/>\n1.Gli stranieri (anche se residenti all\u2019estero) che abbiano sottoscritto l\u2019accordo di integrazione di cui all\u2019art. 4 bis del d.lgs. n. 286\/1998 Testo Unico Immigrazione<br \/>\n2.I titolari di permesso di soggiorno UE (o CE) per soggiornanti di lungo periodo di cui all\u2019articolo 9 del medesimo testo unico<\/p>\n<p>L&#8217;America Italy Society di Filadelfia offre corsi, esami, e certificazione CILS\/CLIQ necessaria nei casi di Cittadinanza Italiana per matrimonio. Cliccare sul link seguente per maggiori informazioni su date e procedure.<\/p>\n<p><a href=\"https:\/\/www.aisphila.org\/cils-language-certification.html\" target=\"_blank\" rel=\"noopener\">https:\/\/www.aisphila.org\/cils-language-certification.html<\/a><\/p>\n<p>&nbsp;<\/p>\n<p><strong>4 &#8211; Procedura<\/strong><\/p>\n<p>FASE 1 \u2013 REGISTRAZIONE<\/p>\n<p>Il richiedente dovr\u00e0 effettuare la registrazione sul portale del Ministero dell\u2019Interno (<a href=\"https:\/\/www.interno.gov.it\/it\/temi\/cittadinanza-e-altri-diritti-civili\/cittadinanza\/cittadinanza-invia-tua-domanda\" target=\"_blank\" rel=\"noopener\">https:\/\/www.interno.gov.it\/it\/temi\/cittadinanza-e-altri-diritti-civili\/cittadinanza\/cittadinanza-invia-tua-domanda<\/a>).<\/p>\n<p>Si precisa che l\u2019indirizzo email dichiarato sul portale in fase di inoltro della domanda on line costituisce domicilio eletto (art. 47 c.c.); si rende pertanto necessaria una frequente consultazione della propria email in quanto tutte le comunicazioni relative alla domanda di cittadinanza, ivi comprese richieste di integrazione documentale, convocazioni, notifiche di provvedimenti, ecc. avverranno UNICAMENTE tramite canale informatico.<\/p>\n<p>FASE 2 \u2013 INSERIMENTO ISTANZA (Modello AE)<\/p>\n<p>Una volta registrato, il richiedente potr\u00e0 procedere alla compilazione della domanda \u201conline\u201d e all\u2019inserimento di tutti i documenti richiesti sull\u2019apposito portale del Ministero dell\u2019Interno:\u00a0<a href=\"https:\/\/portaleserviziapp.dlci.interno.it\/\" target=\"_blank\" rel=\"noopener\">https:\/\/portaleserviziapp.dlci.interno.it<\/a>. Qualsiasi domanda di carattere tecnico o di contenuto relativa all\u2019istanza online dovr\u00e0 essere risolta rivolgendosi direttamente al Ministero dell\u2019Interno che ha predisposto un servizio di assistenza con FAQ e HelpDesk dedicati.<\/p>\n<p>Attenzione: NOTE PER LA COMPILAZIONE DELLA DOMANDA ONLINE<\/p>\n<ul>\n<li>Nel modulo di registrazione vanno inseriti DATA E LUOGO DI NASCITA cos\u00ec come indicati nell\u2019atto di nascita;<\/li>\n<li>Vanno riportate le GENERALIT\u00c0 indicate in atti e documenti formati all\u2019estero dalle competenti autorit\u00e0 straniere. In caso di discordanze, fornire documentazione giustificativa. Nel caso di discordanze, si prega di assicurare che siano presenti annotazioni nell\u2019atto di nascita dell\u2019eventuale cambio cognome e\/o nome o annotazioni nell\u2019atto di matrimonio formato all\u2019estero, debitamente legalizzato e tradotto in italiano, o di produrre una dichiarazione di esatte generalit\u00e0, rilasciata dalle competenti autorit\u00e0 consolari del Paese di cittadinanza, presenti sul territorio italiano, e legalizzata dalla Prefettura italiana di competenza;<\/li>\n<li>Specificare nell&#8217;istanza l&#8217;eventuale presenza di figli minori del\/della richiedente, nati da una precedente relazione.<\/li>\n<\/ul>\n<p>FASE 3 \u2013 VERIFICA CONSOLARE<\/p>\n<p>L\u2019Ufficio Consolare sar\u00e0 automaticamente informato della presentazione della domanda e proceder\u00e0 alle necessarie VERIFICHE.<\/p>\n<p>Il richiedente ricever\u00e0 quindi, in modalit\u00e0 telematica tramite il portale del Ministero dell\u2019Interno, una comunicazione relativa all\u2019accettazione o al motivo dell\u2019inammissibilit\u00e0.<\/p>\n<p>In caso di accettazione della domanda, il richiedente sar\u00e0 convocato, per via telematica, presso la Rappresentanza diplomatico-consolare per l\u2019autentica della firma apposta sulla domanda di cittadinanza, per la consegna di tutta la documentazione cartacea IN ORIGINALE, ivi compresa quella gi\u00e0 trasmessa per via telematica tramite il Portale, per la riscossione o verifica dell\u2019avvenuto pagamento delle percezioni consolari previste.<\/p>\n<p>Tutta la documentazione di cui sopra sar\u00e0 conservata in originale dalla Rappresentanza diplomatico-consolare, ad eccezione del passaporto e del certificato linguistico, per i quali verr\u00e0 effettuata una copia conforme con relativi pagamenti.<\/p>\n<p>FASE 4 \u2013 VALUTAZIONE e TERMINI DEL PROCEDIMENTO<\/p>\n<p>La valutazione della domanda e la definizione del procedimento sono di esclusiva competenza del Ministero dell\u2019Interno.<\/p>\n<p>Per le domande presentate fino al 19\/12\/2020, il termine del procedimento \u00e8 di 48 mesi. Per le istanze di cittadinanza presentate a partire dal 20 dicembre 2020 (data di entrata in vigore della L. 18 dicembre 2020 n. 173) il termine \u00e8 di 24 mesi dalla data di presentazione della domanda, prorogabili fino al massimo di 36 mesi. Qualora al termine della valutazione della pratica il procedimento si concluda positivamente, il Ministero dell\u2019Interno invier\u00e0 il Decreto di conferimento di cittadinanza italiana alla Rappresentanza diplomatico-consolare competente per residenza dell\u2019interessato\/a.<\/p>\n<p>FASE 5 \u2013 DECRETO, NOTIFICA E GIURAMENTO<\/p>\n<p>Il Decreto di conferimento della cittadinanza italiana verr\u00e0 notificato \u2013 tramite portale \u2013 con comunicazione indirizzata all\u2019email indicata dal richiedente in fase di registrazione. All\u2019atto della notifica verranno altres\u00ec richiesti documenti \u2013 previsti dalla normativa nazionale \u2013 volti a verificare la permanenza del vincolo coniugale. Tali documenti devono avere data successiva all\u2019adozione del decreto:<br \/>\n\u25featto integrale di matrimonio o estratto per riassunto dell\u2019atto di matrimonio, rilasciato dal competente Comune italiano nei cui registri l\u2019atto risulta trascritto;<br \/>\n\u25fecertificato penale del Paese di attuale residenza, debitamente legalizzato e tradotto (vedi sezione documenti);<br \/>\n\u25fecertificato di esistenza in vita del coniuge\/parte civile dell\u2019unione civile, nel caso in cui non possa essere presente al giuramento.<\/p>\n<p>Alla data di adozione del decreto, quindi, non deve essere intervenuto lo scioglimento, l\u2019annullamento o la cessazione degli effetti civili del matrimonio o dell\u2019unione civile n\u00e9 la separazione personale (sentenza di separazione).<\/p>\n<p>Entro e non oltre sei mesi dalla notifica, l\u2019interessato verr\u00e0 convocato presso gli uffici consolari, per prestare giuramento di fedelt\u00e0 alla Repubblica e alle sue leggi.<\/p>\n<p>\u00c8 previsto il pagamento della marca da bollo sul decreto.<\/p>\n<p>La persona interessata prester\u00e0 giuramento di fedelt\u00e0 alla Repubblica italiana pronunciando le parole:<\/p>\n<p>\u201cGIURO DI ESSERE FEDELE ALLA REPUBBLICA E DI OSSERVARE LA COSTITUZIONE E LE LEGGI DELLO STATO\u201d<\/p>\n<p>Gli effetti del giuramento, ovvero l\u2019acquisto della cittadinanza italiana, saranno efficaci a partire dal giorno successivo a quello del giuramento.<\/p>\n<p>Il certificato di nascita originale sar\u00e0 inviato per la trascrizione al Comune italiano di riferimento insieme alla richiesta di iscrizione all\u2019AIRE e al verbale dell\u2019avvenuto giuramento.<\/p>\n<p>5. Semplificazione amministrativa e costi<\/p>\n<p>Se il richiedente \u00e8 un cittadino di un paese UE potr\u00e0 avvalersi dell\u2019autocertificazione per il possesso della cittadinanza italiana del coniuge\/parte dell\u2019unione civile, per il vincolo di coniugio\/unione civile con cittadino\/a italiano\/a e la composizione del nucleo familiare.<\/p>\n<p>Le informazioni, i dati e i documenti gi\u00e0 in possesso della Pubblica Amministrazione sono acquisite d\u2019ufficio, previa indicazione da parte dell\u2019interessato degli elementi indispensabili per il reperimento delle informazioni richieste (DPR 445\/2000).<\/p>\n<p>Costi:<\/p>\n<p>Contributo di euro 250 a favore del Ministero dell\u2019Interno e Imposta di bollo di 16 euro (solo sino al 31.12.2024. Dal 01.01.2025 percezione art. 8). A partire dal 25 maggio 2022 \u00e8 possibile effettuare il pagamento dell&#8217;imposta di bollo e\/o del contributo di 250\u20ac tramite PagoPA direttamente dal portale contestualmente alla presentazione della domanda.<\/p>\n<p><a href=\"https:\/\/consfiladelfia.esteri.it\/wp-content\/uploads\/2023\/05\/istruzioni_cittadinanza_per_matrimonio.pdf\" target=\"_blank\" rel=\"noopener\"><strong>Informazioni sull&#8217;autentica di documenti destinati alla cittadinanza per matrimonio<\/strong><\/a><\/p>\n<p>tutti i certificati penali e il certificato di nascita dovranno essere autenticati prima del loro caricamento nel portale. A tale riguardo La invitiamo a farli pervenire &#8211; inviandoli per posta o portandoli di persona &#8211; al nostro Ufficio Cittadinanza, che provveder\u00e0 a tale autentica. Ricordiamo che verr\u00e0 applicata una percezione consolare, il cui importo e&#8217; verificabile sul sito del nostro ufficio, cliccando sul link della &#8220;<a href=\"https:\/\/consfiladelfia.esteri.it\/it\/servizi-consolari-e-visti\/servizi-per-il-cittadino-straniero\/indirizzi-utili\/tabella-diritti-consolari\/\" target=\"_blank\" rel=\"noopener\">tabella consolare<\/a>&#8220;. La tabella viene modificata ogni tre mesi.<\/p>\n<p>Per I documenti citati sopra fare riferimento all&#8217;art. 72A \u2013 \u2018dichiarazione di conformita\u2019 della traduzione in italiano\u2019 &#8211; e moltiplicare la relativa cifra per ogni pagina del testo originale.<\/p>\n<p>L&#8217;ufficio riceve pagamenti esclusivamente in forma di USPS &#8220;Money Order postale&#8221;. E&#8217; possibile richiedere ulteriori informazioni in relazione alle autentiche direttamente all&#8217;indirizzo elettronico: cittadinanza.filadelfia@esteri.it.<\/p>\n<p>Nel caso per i documenti si richieda la restituzione via posta, \u00e8 necessario consegnare all\u2019ufficio una busta affrancata (USPS Priority o Express, UPS, o altro), provvista di numero di tracciamento\u2013 Tracking Number \u2013 che verr\u00e0 utilizzata per l\u2019invio.<\/p>\n","protected":false},"excerpt":{"rendered":"1 &#8211; Cenni normativi Coloro che richiedono la cittadinanza italiana per matrimonio o unione civile devono essere a conoscenza dei doveri nei confronti della Repubblica italiana, primi fra tutti l\u2019adesione ai valori nazionali e l\u2019irreprensibilit\u00e0 della condotta. L\u2019acquisto della cittadinanza italiana da parte del coniuge straniero o apolide che abbia contratto matrimonio con cittadino italiano [&hellip;]","protected":false},"author":3,"featured_media":0,"parent":96,"menu_order":2,"comment_status":"closed","ping_status":"closed","template":"","meta":{"footnotes":""},"class_list":["post-535","page","type-page","status-publish","hentry"],"_links":{"self":[{"href":"https:\/\/consfiladelfia.esteri.it\/it\/wp-json\/wp\/v2\/pages\/535","targetHints":{"allow":["GET"]}}],"collection":[{"href":"https:\/\/consfiladelfia.esteri.it\/it\/wp-json\/wp\/v2\/pages"}],"about":[{"href":"https:\/\/consfiladelfia.esteri.it\/it\/wp-json\/wp\/v2\/types\/page"}],"author":[{"embeddable":true,"href":"https:\/\/consfiladelfia.esteri.it\/it\/wp-json\/wp\/v2\/users\/3"}],"replies":[{"embeddable":true,"href":"https:\/\/consfiladelfia.esteri.it\/it\/wp-json\/wp\/v2\/comments?post=535"}],"version-history":[{"count":2,"href":"https:\/\/consfiladelfia.esteri.it\/it\/wp-json\/wp\/v2\/pages\/535\/revisions"}],"predecessor-version":[{"id":2391,"href":"https:\/\/consfiladelfia.esteri.it\/it\/wp-json\/wp\/v2\/pages\/535\/revisions\/2391"}],"up":[{"embeddable":true,"href":"https:\/\/consfiladelfia.esteri.it\/it\/wp-json\/wp\/v2\/pages\/96"}],"wp:attachment":[{"href":"https:\/\/consfiladelfia.esteri.it\/it\/wp-json\/wp\/v2\/media?parent=535"}],"curies":[{"name":"wp","href":"https:\/\/api.w.org\/{rel}","templated":true}]}}