{"id":67,"date":"2023-04-03T19:27:59","date_gmt":"2023-04-03T17:27:59","guid":{"rendered":"https:\/\/consolatozurigo.esteri.it\/?page_id=67"},"modified":"2025-10-03T14:32:38","modified_gmt":"2025-10-03T18:32:38","slug":"passaporti-e-carte-didentita","status":"publish","type":"page","link":"https:\/\/consfiladelfia.esteri.it\/it\/servizi-consolari-e-visti\/servizi-per-il-cittadino-italiano\/passaporti-e-carte-didentita\/","title":{"rendered":"Passaporti"},"content":{"rendered":"<p style=\"font-weight: 400;\">Al momento, questo Ufficio non ha una cabina fotografica a disposizione.<\/p>\n<p style=\"font-weight: 400;\"><b><strong>E\u2019 NECESSARIO FISSARE UN\u00a0<a href=\"https:\/\/prenotami.esteri.it\/\" target=\"_blank\" rel=\"noopener\">APPUNTAMENTO ONLINE<\/a>\u00a0PER LA RICHIESTA DEL PASSAPORTO.<\/strong><\/b><\/p>\n<p><a href=\"https:\/\/prenotami.esteri.it\/\" target=\"_blank\" rel=\"noopener\"><img loading=\"lazy\" decoding=\"async\" class=\"wp-image-1193 img-fluid aligncenter\" src=\"https:\/\/consfiladelfia.esteri.it\/wp-content\/uploads\/2023\/06\/prenotami-300x120.png\" alt=\"\" width=\"228\" height=\"91\" srcset=\"https:\/\/consfiladelfia.esteri.it\/wp-content\/uploads\/2023\/06\/prenotami-300x120.png 300w, https:\/\/consfiladelfia.esteri.it\/wp-content\/uploads\/2023\/06\/prenotami.png 355w\" sizes=\"auto, (max-width: 228px) 100vw, 228px\" \/><\/a><\/p>\n<p>&nbsp;<\/p>\n<p style=\"font-weight: 400;\">L\u2019emissione del passaporto, salvo caso straordinari, \u00e8 di competenza dell\u2019Ufficio Consolare in cui il cittadino \u00e8 residente<\/p>\n<p style=\"font-weight: 400;\"><b><strong>Se il richiedente passaporto ha acquisito la cittadinanza statunitense, deve presentare anche una copia del Certificato di Naturalizzazione.<\/strong><\/b><\/p>\n<p style=\"font-weight: 400;\">Per verifica della circoscrizione di competenza (in particolare per le contee del New Jersey) consultare<span style=\"color: #3366ff;\">\u00a0<\/span><span style=\"color: #000000;\"><a style=\"color: #000000;\" href=\"https:\/\/consfiladelfia.esteri.it\/it\/chi-siamo\/la-rete-consolare\/?preview_id=39&amp;preview_nonce=9e5a066860&amp;_thumbnail_id=-1&amp;preview=true\" target=\"_blank\" rel=\"noopener\"><span style=\"color: #3366ff;\">questa pagina<\/span><\/a><\/span><span style=\"color: #ff00ff;\"> <span style=\"color: #000000;\">web<\/span><\/span> inerente al Consolato Generale di Filadelfia o\u00a0<span style=\"color: #3366ff;\"><a style=\"color: #3366ff;\" href=\"https:\/\/ambwashingtondc.esteri.it\/it\/chi-siamo\/la-rete-consolare\/\" target=\"_blank\" rel=\"noopener\">questa pagina pagina<\/a><\/span>\u00a0web inerente a tutti i Consolati Italiani negli Stati Uniti.<\/p>\n<p style=\"font-weight: 400;\"><b><strong>NOTA BENE<\/strong><\/b>:<br \/>\nTutti i connazionali residenti a ovest della Pennsylvania, West Virginia, Virginia e North Carolina potranno pertanto programmare il rinnovo del proprio passaporto italiano recandosi di persona, previo appuntamento, presso gli uffici dei Consolati Onorari per il rilascio delle impronte digitali. I libretti di passaporto saranno poi stampati presso la sede sovraordinata di Filadelfia.<\/p>\n<p style=\"font-weight: 400;\">Per maggiori informazioni e per fissare l\u2019appuntamento contattare:<\/p>\n<p>Consolato Onorario di Pittsburgh (PA)<br \/>\nConsole Onorario: Steven Mancini &#8211; Decreto Consolare<br \/>\nIndirizzo: 304 Ross St, Pittsburgh, PA 15219-2124<br \/>\npittsburgh.onorario@esteri.it\u00a0 (412)431.9884<\/p>\n<p>https:\/\/www.consolatoitalianopgh.com\/<\/p>\n<p style=\"font-weight: 400;\">Consolato Onorario di Charlotte (NC)<br \/>\nConsole Onorario: Proff.ssa Valentina Cecchi<br \/>\nIndirizzo: 1704 East Bvld &#8211; Suite 101, Charlotte, NC 28203<br \/>\nemail: charlotte.onorario@esteri.it\u00a0Tel: (704)373.2867<\/p>\n<p style=\"font-weight: 400;\">Consolato Onorario\u00a0di Norfolk\/Virginia Beach, VA<br \/>\nConsole Onorario: Gen. Gianmarco Bellini<br \/>\nIndirizzo: 2105 Bierce Dr. Virginia Beach, VA 23454<br \/>\nTel: 757-515-5279 (da utilizzare solo in orario di lavoro)<br \/>\nemail: norfolk.onorario@esteri.it<br \/>\nOrario di apertura: lunedi&#8217; 9:00-13:00 e<br \/>\ngiovedi&#8217; 15:00-19:00<\/p>\n<p><strong>Formulari disponibili:<\/strong><\/p>\n<ul style=\"font-weight: 400;\">\n<li><a href=\"https:\/\/consfiladelfia.esteri.it\/wp-content\/uploads\/2025\/10\/modulo_multifunzionale_digitale.pdf\">Modulo Multifunzionale<\/a>\u00a0per richiesta di passaporto<\/li>\n<li><a href=\"https:\/\/consfiladelfia.esteri.it\/wp-content\/uploads\/2023\/05\/atto_assenso_in_inglese_e_italiano.pdf\" target=\"_blank\" rel=\"noopener\">Atto di Assenso<\/a>\u00a0al rilascio del Passaporto<\/li>\n<li>Modulo per\u00a0l&#8217;<a href=\"https:\/\/consfiladelfia.esteri.it\/wp-content\/uploads\/2023\/05\/autenticadifoto3.pdf\" target=\"_blank\" rel=\"noopener\">Autentica di Fotografia<\/a>\u00a0per i minori di 12 anni<\/li>\n<li><a href=\"https:\/\/consfiladelfia.esteri.it\/wp-content\/uploads\/2023\/05\/dichiarazione_accompagnamento_12.03.pdf\" target=\"_blank\" rel=\"noopener\">Dichiarazione di accompagnamento per minori di 14 anni per minori di 14 anni<\/a><\/li>\n<\/ul>\n<p style=\"font-weight: 400;\">Il Consolato declina ogni responsabilit\u00e0 per danni o perdite di documenti e\/o denaro restituiti per posta. Per eventuali quesiti ai quali non si \u00e8 trovata risposta in questa pagina, potete contattare l\u2019ufficio passaporti all\u2019indirizzo pass.filadelfia@esteri.it Se la risposta alla domanda \u00e8 presente sul sito o se la domanda \u00e8 di pertinenza di altri uffici (cittadinanza, AIRE, stato civile), non si ricever\u00e0 risposta.<\/p>\n","protected":false},"excerpt":{"rendered":"Al momento, questo Ufficio non ha una cabina fotografica a disposizione. E\u2019 NECESSARIO FISSARE UN\u00a0APPUNTAMENTO ONLINE\u00a0PER LA RICHIESTA DEL PASSAPORTO. &nbsp; L\u2019emissione del passaporto, salvo caso straordinari, \u00e8 di competenza dell\u2019Ufficio Consolare in cui il cittadino \u00e8 residente Se il richiedente passaporto ha acquisito la cittadinanza statunitense, deve presentare anche una copia del Certificato di [&hellip;]","protected":false},"author":1,"featured_media":0,"parent":59,"menu_order":0,"comment_status":"closed","ping_status":"closed","template":"","meta":{"footnotes":""},"class_list":["post-67","page","type-page","status-publish","hentry"],"_links":{"self":[{"href":"https:\/\/consfiladelfia.esteri.it\/it\/wp-json\/wp\/v2\/pages\/67","targetHints":{"allow":["GET"]}}],"collection":[{"href":"https:\/\/consfiladelfia.esteri.it\/it\/wp-json\/wp\/v2\/pages"}],"about":[{"href":"https:\/\/consfiladelfia.esteri.it\/it\/wp-json\/wp\/v2\/types\/page"}],"author":[{"embeddable":true,"href":"https:\/\/consfiladelfia.esteri.it\/it\/wp-json\/wp\/v2\/users\/1"}],"replies":[{"embeddable":true,"href":"https:\/\/consfiladelfia.esteri.it\/it\/wp-json\/wp\/v2\/comments?post=67"}],"version-history":[{"count":7,"href":"https:\/\/consfiladelfia.esteri.it\/it\/wp-json\/wp\/v2\/pages\/67\/revisions"}],"predecessor-version":[{"id":3542,"href":"https:\/\/consfiladelfia.esteri.it\/it\/wp-json\/wp\/v2\/pages\/67\/revisions\/3542"}],"up":[{"embeddable":true,"href":"https:\/\/consfiladelfia.esteri.it\/it\/wp-json\/wp\/v2\/pages\/59"}],"wp:attachment":[{"href":"https:\/\/consfiladelfia.esteri.it\/it\/wp-json\/wp\/v2\/media?parent=67"}],"curies":[{"name":"wp","href":"https:\/\/api.w.org\/{rel}","templated":true}]}}