{"id":790,"date":"2023-06-08T15:02:04","date_gmt":"2023-06-08T19:02:04","guid":{"rendered":"https:\/\/consfiladelfia.esteri.it\/?page_id=790"},"modified":"2023-09-15T15:26:00","modified_gmt":"2023-09-15T19:26:00","slug":"notarile","status":"publish","type":"page","link":"https:\/\/consfiladelfia.esteri.it\/it\/servizi-consolari-e-visti\/servizi-per-il-cittadino-italiano\/servizi-notarili\/notarile\/","title":{"rendered":"Notarile"},"content":{"rendered":"<p><strong>Ufficio Notarile<\/strong><\/p>\n<p><strong>Contatti<\/strong><\/p>\n<p>E-mail:\u00a0<a href=\"mailto:notarile.filadelfia@esteri.itTel:%20215-279-9562Fax:%20215-592-9808\">notarile.filadelfia@esteri.it<br \/>\nTel: 215-279-9562<\/a><\/p>\n<p><strong>Orari di Apertura<\/strong><\/p>\n<p>L\u2019Ufficio Notarile di questo Consolato Generale riceve esclusivamente su appuntamento dal luned\u00ec al venerd\u00ec, dalle ore 9 alle ore 12.<\/p>\n<p>L&#8217;appuntamento \u00e8 prenotabile online tramite piattaforma <a href=\"https:\/\/prenotami.esteri.it\/\">prenot@mi<\/a><\/p>\n<p>E\u2019 inoltre necessario compilare il <a href=\"https:\/\/consfiladelfia.esteri.it\/wp-content\/uploads\/2023\/06\/73349_f_cons57modulodatiperappuntamentonotarile1.doc\">form presente sul sito<\/a> e inviarlo unitamente alla conferma dell&#8217;appuntamento preso, alla copia del documento italiano in corso di validita\u2019 e alla versione editabile dell\u2019atto notarile richiesto a notarile.filadelfia@esteri.it<\/p>\n<p><strong>Informazioni Generali<\/strong><\/p>\n<p>Il Capo dell&#8217;Ufficio consolare esercita le funzioni di Notaio nei confronti dei cittadini, attenendosi alla legislazione nazionale (Decreto Legislativo 3 febbraio 2011, n. 71, &#8220;Ordinamento e funzioni degli Uffici consolari&#8221; &#8211; Art. 28 &#8211; \u201cFunzioni notarili\u201d).<\/p>\n<p>Il servizio notarile \u00e8 dovuto esclusivamente ai cittadini italiani che si trovino all&#8217;estero in via permanente o temporanea.<br \/>\nSe NON si \u00e8 in possesso della cittadinanza italiana si potr\u00e0 contattare un notary public statunitense e successivamente avvalersi della Convenzione dell\u2019Aja del 1961 per la legalizzazione internazionale dell\u2019atto mediante apposizione della \u201cApostille\u201d da parte degli uffici del Dipartimento di Stato presenti nella capitale di ciascuno Stato federale. L\u2019atto dovra\u2019 essere inoltre tradotto in Italiano.<\/p>\n<p><strong>Per tutte le procure (generali e speciali) si prega di rivolgersi preventivamente ai notai italiani di cui alla lista reperibile alla pagina indirizzi utili.<\/strong><\/p>\n<p>E&#8217; sempre consigliabile farsi anticipare il testo della procura dal Notaio o dall&#8217;Avvocato che sta seguendo il caso in Italia. I cittadini italiani che avessero ricevuto l&#8217;atto pronto dall&#8217;Italia sono pregati di inoltrarlo via e-mail a notarile.filadelfia@esteri.it insieme con la richiesta di appuntamento presso gli uffici del Consolato. Potranno contestualmente essere indicate alcune preferenze circa la data dell\u2019appuntamento.<\/p>\n<p>Gli atti pubblici rogati, le procure o le scritture private autenticate nello Stato estero da notai italiani o avvocati italiani ivi residenti (debitamente legalizzati e tradotti, ai sensi dell\u2019art.33 del DPR 445\/2000) possono essere utilizzati in Italia SENZA passare in Consolato Generale.<\/p>\n<p>ll Consolato Generale d&#8217;Italia a Filadelfia predispone atti e fornisce molti dei servizi che, in Italia, richiederebbero l&#8217;intervento di un Notaio quali: procure generali; atti di notoriet\u00e0; autenticazioni di firma; dichiarazioni sostitutive di atti di notoriet\u00e0, ecc. L&#8217;Ufficio non pu\u00f2 invece fornire assistenza legale diretta.<\/p>\n<p>Per ciascun atto \u00e8 previsto, di norma, il pagamento di diritti di bollo e consolari, il cui ammontare varia in funzione del tipo di servizio reso e del rapporto di cambio dollaro-euro vigente al momento. Per le tariffe dei vari documenti si prega di consultare la tabella delle Tariffe Consolari<\/p>\n<p>Gli utenti dovranno presentarsi di persona presso l&#8217;Ufficio, muniti di validi documenti italiani di identificazione (passaporto, carta d&#8217;identit\u00e0, patente di guida, ecc.).<\/p>\n<p>Le donne coniugate dovranno, ove munite di documenti dai quali risultino identificabili soltanto con il cognome del coniuge, fornire prova del cognome da nubile (ad es. mediante esibizione di certificato di nascita e\/o di matrimonio).<\/p>\n<p>Le procure generali nonch\u00e9 quelle speciali aventi ad oggetto atti di donazione o convenzioni matrimoniali si redigono alla presenza di due testimoni. Sar\u00e0 cura delle parti interessate reperire e portare in Consolato tali testimoni affinch\u00e9 possano prendere parte all\u2019atto e sottoscriverlo in calce.<\/p>\n<p><strong>Moduli<\/strong><\/p>\n<p><a title=\"Atti Notarili\" href=\"https:\/\/consfiladelfia.esteri.it\/wp-content\/uploads\/2023\/06\/73349_f_cons57modulodatiperappuntamentonotarile1.doc\" target=\"_blank\" rel=\"noopener\">Modulo di richiesta Atti Notarili<\/a>\u00a0per procure speciali e generali<\/p>\n","protected":false},"excerpt":{"rendered":"Ufficio Notarile Contatti E-mail:\u00a0notarile.filadelfia@esteri.it Tel: 215-279-9562 Orari di Apertura L\u2019Ufficio Notarile di questo Consolato Generale riceve esclusivamente su appuntamento dal luned\u00ec al venerd\u00ec, dalle ore 9 alle ore 12. L&#8217;appuntamento \u00e8 prenotabile online tramite piattaforma prenot@mi E\u2019 inoltre necessario compilare il form presente sul sito e inviarlo unitamente alla conferma dell&#8217;appuntamento preso, alla copia del [&hellip;]","protected":false},"author":3,"featured_media":0,"parent":89,"menu_order":0,"comment_status":"closed","ping_status":"closed","template":"","meta":{"footnotes":""},"class_list":["post-790","page","type-page","status-publish","hentry"],"_links":{"self":[{"href":"https:\/\/consfiladelfia.esteri.it\/it\/wp-json\/wp\/v2\/pages\/790","targetHints":{"allow":["GET"]}}],"collection":[{"href":"https:\/\/consfiladelfia.esteri.it\/it\/wp-json\/wp\/v2\/pages"}],"about":[{"href":"https:\/\/consfiladelfia.esteri.it\/it\/wp-json\/wp\/v2\/types\/page"}],"author":[{"embeddable":true,"href":"https:\/\/consfiladelfia.esteri.it\/it\/wp-json\/wp\/v2\/users\/3"}],"replies":[{"embeddable":true,"href":"https:\/\/consfiladelfia.esteri.it\/it\/wp-json\/wp\/v2\/comments?post=790"}],"version-history":[{"count":2,"href":"https:\/\/consfiladelfia.esteri.it\/it\/wp-json\/wp\/v2\/pages\/790\/revisions"}],"predecessor-version":[{"id":1887,"href":"https:\/\/consfiladelfia.esteri.it\/it\/wp-json\/wp\/v2\/pages\/790\/revisions\/1887"}],"up":[{"embeddable":true,"href":"https:\/\/consfiladelfia.esteri.it\/it\/wp-json\/wp\/v2\/pages\/89"}],"wp:attachment":[{"href":"https:\/\/consfiladelfia.esteri.it\/it\/wp-json\/wp\/v2\/media?parent=790"}],"curies":[{"name":"wp","href":"https:\/\/api.w.org\/{rel}","templated":true}]}}