{"id":793,"date":"2023-06-08T15:05:11","date_gmt":"2023-06-08T19:05:11","guid":{"rendered":"https:\/\/consfiladelfia.esteri.it\/?page_id=793"},"modified":"2023-10-20T11:18:39","modified_gmt":"2023-10-20T15:18:39","slug":"atti-notarili-e-procure","status":"publish","type":"page","link":"https:\/\/consfiladelfia.esteri.it\/it\/servizi-consolari-e-visti\/servizi-per-il-cittadino-italiano\/servizi-notarili\/atti-notarili-e-procure\/","title":{"rendered":"Atti Notarili e Procure"},"content":{"rendered":"<p><strong>ATTI NOTARILI\/PROCURE<\/strong><\/p>\n<p>La procura \u00e8 lo strumento giuridico mediante il quale un soggetto (rappresentato o mandante) conferisce ad altro soggetto (rappresentante o procuratore) il potere di agire in suo nome e conto nel compimento di atti giuridici i cui effetti sorgeranno direttamente in capo al rappresentato.<\/p>\n<p>Le procure, a seconda che vengano conferite per lo svolgimento di specifici compiti o per il compimento di una serie di attivit\u00e0 non preventivamente determinate, possono essere speciali o generali.<\/p>\n<p>La procura non ha effetto se non \u00e8 conferita con le forme prescritte dalla legge per l&#8217;atto che il rappresentante deve concludere.<\/p>\n<p>Procura Generale: con questi atto l&#8217;interessato affida al rappresentante la gestione di tutti i suoi affari, sia presenti sia futuri. La procura generale \u00e8 rilasciata a tempo indeterminato.<\/p>\n<p>Procura speciale: con questo atto l&#8217;interessato affida al rappresentante la gestione di una parte dei suoi affari. La procura speciale cessa di avere efficacia nel momento in cui l\u2019incarico particolare per il quale \u00e8 stata rilasciata si conclude.<br \/>\nModulo di richiesta (compilato in tutte le sue parti)un documento di riconoscimento (preferibilmente passaporto italiano)<\/p>\n<p><strong>PROCEDURA<\/strong><\/p>\n<p>Chi intende conferire procura (mandante) deve comparire personalmente presso gli Uffici di questo Consolato Generale munito di idoneo documento d&#8217;identit\u00e0 e fornire allo sportello precise indicazioni circa l\u2019oggetto della procura. Dovr\u00e0 inoltre fornire le seguenti informazioni, sia in relazione a s\u00e9 stesso che alla persona del procuratore:<\/p>\n<p>\u2022 Nome e cognome (se donna coniugata, il cognome d&#8217;origine);<br \/>\n\u2022 Data e luogo di nascita;<br \/>\n\u2022 Residenza;<br \/>\n\u2022 Cittadinanza;<br \/>\n\u2022 Professione;<br \/>\n\u2022 Codice fiscale italiano.<\/p>\n<p>Anche la persona alla quale viene conferita procura (rappresentante), quindi, deve poter essere compiutamente individuata in base ai criteri di cui sopra.<\/p>\n<p>Per organizzare efficacemente il lavoro e migliorare l\u2019erogazione dei servizi, solo dopo aver fissato l\u2019appuntamento online sulla piattaforma prenot@mi, presente all\u2019indirizzo <a href=\"https:\/\/prenotami.esteri.it\/\">https:\/\/prenotami.esteri.it\/<\/a> , i connazionali dovranno anticipare all\u2019indirizzo di posta elettronica <a href=\"mailto:notarile.filadelfia@esteri.it\">notarile.filadelfia@esteri.it<\/a> le informazioni di cui sopra e quelle pertinenti al tipo di procura richiesto<\/p>\n<p>Il pagamento \u00e8 solo in contanti o attraverso apposito \u201cMoney Order\u201d intestato a \u201cConsolato Generale d\u2019Italia, Filadelfia\u201d.<\/p>\n<p>Laddove si tratti di conferire procure speciali per curare il trasferimento della propriet\u00e0 o di altro diritto reale su beni immobili, questi devono essere, a loro volta, individuati con certezza, anche per il tramite della indicazione dei relativi dati catastali.<\/p>\n<p>Nel caso di procure per successione, l&#8217;interessato deve altres\u00ec fornire il nome ed il cognome, la data ed il luogo di nascita, la data ed il luogo della morte, la cittadinanza, nonch\u00e8 l&#8217;ultimo indirizzo di residenza in vita della persona della cui successione si tratta.<\/p>\n<p><strong>NOTA BENE:<\/strong><\/p>\n<p>\u2022 Le procure relative ad atti di donazione (procura a donare, procura ad accettare donazione) devono essere redatte alla presenza di due testimoni, che l&#8217;interessato provveder\u00e0 a portare, non legati da vincoli di parentela con il mandante;<br \/>\n\u2022 Se chi effettua l&#8217;atto agisce per conto di una societ\u00e0, tale persona dovr\u00e0 provare l&#8217;esistenza giuridica di detta societ\u00e0 e la carica da lui rivestita;<br \/>\n\u2022 Da sottolineare che, per tutti gli atti di carattere patrimoniale posti in essere da soggetti coniugati, gli stessi devono essere firmati da entrambi i coniugi. Il regime normale previsto dalla legge \u00e8 infatti quello della comunione dei beni fra coniugi. Non \u00e8 richiesta la sottoscrizione dei due coniugi quando vi sia un regime di separazione dei beni.<\/p>\n<p>Da ricordare che dal regime della comunione dei beni sono esclusi, perch\u00e9 considerati personali:<\/p>\n<p>\u2022 i beni di cui, prima del matrimonio, il coniuge era proprietario o rispetto ai quali era titolare di un diritto di godimento;<br \/>\n\u2022 i beni acquisiti successivamente al matrimonio per effetto di donazione o successione, quando nell&#8217;atto di liberalit\u00e0 o nel testamento non \u00e8 specificato che essi sono imputati alla comunione;<br \/>\n\u2022 i beni di uso strettamente personale di ciascun coniuge ed i loro accessori;<br \/>\n\u2022 i beni che servono all&#8217;esercizio della professione del coniuge;<br \/>\n\u2022 i beni ottenuti a titolo di risarcimento del danno, nonch\u00e9 la pensione attinente alla perdita totale o parziale della capacit\u00e0 lavorativa;<br \/>\n\u2022 i beni acquisiti col prezzo del trasferimento dei beni sopra indicati o con il loro scambio.<\/p>\n<p><strong>ULTERIORI INFORMAZIONI (relative al tipo di procura richiesto)<\/strong><\/p>\n<p>1. PROCURA SPECIALE PER L\u2019ACQUISTO O LA VENDITA DI IMMOBILI: In caso di Procura per vendita o acquisto di beni \u00e8 necessario descrivere gli stessi beni (dati catastali e confini dell\u2019immobile), possibilmente presentando copia dell&#8217;estratto catastale.<\/p>\n<p>2. PROCURA SPECIALE ALLE LITI:<br \/>\nSi conferisce al proprio Avvocato di fiducia per essere rappresentati in giudizio in Italia: \u00e8 pertanto necessario specificare l\u2019indirizzo dello studio in cui esercita la professione e i dati di riferimento della causa (tribunale competente e tipo di causa).<\/p>\n<p>3. PROCURA SPECIALE PER VENDITA DI AUTOVETTURE:<br \/>\nIn caso di procura per vendita di autovetture \u00e8 necessario specificare i dati del veicolo, possibilmente presentando il libretto di propriet\u00e0 dell&#8217;autovettura.<\/p>\n<p>4. PROCURA SPECIALE A RISCUOTERE:<br \/>\nIn caso di procura a riscuotere \u00e8 necessario comunicare numero, data di emissione e denominazione dell&#8217;Ufficio pagatore, se si tratta di vaglia postale o assegno bancario. Nel caso di prelievo di somme da un conto corrente bancario o postale, occorre indicare il nome dell&#8217;Istituto bancario o dell&#8217;Ufficio postale, il numero del conto o del libretto di deposito e la somma che si intende far prelevare dal conto.<\/p>\n<p>5. PROCURA SPECIALE PER ACCETTAZIONE\/RINUNCIA DI EREDITA\u2019 O AMMINISTRAZIONE DEI BENI ACQUISTATI PER SUCCESSIONE:<br \/>\nPer le procure in materia di successione \u00e8 necessario fornire i dati anagrafici del defunto (nome, cognome, luogo e data di nascita, luogo e data di morte del defunto).<br \/>\nNel caso di procura per rinuncia di eredit\u00e0 \u00e8 necessaria la presenza di due testimoni (italiani o stranieri che comprendano l\u2019italiano, non parenti delle parti interessate).<\/p>\n<p>6. PROCURA SPECIALE PER ACCETTARE DONAZIONE:<br \/>\nPer conferire tale procura \u00e8 necessario comunicare i dati anagrafici e la residenza della persona che dona nonch\u00e9 una descrizione dettagliata dei beni oggetto della donazione.<br \/>\nNel caso di procura per donazione \u00e8 necessaria la presenza di due testimoni (italiani o stranieri che comprendano l\u2019italiano, non parenti delle parti interessate).<\/p>\n<p>7. PROCURA SPECIALE A DONARE:<br \/>\nPer conferire tale procura occorre comunicare la descrizione dettagliata dei beni (con dati catastali in caso di immobili) oggetto della donazione; le generalit\u00e0 complete del beneficiario della donazione.<br \/>\nNel caso di procura per donazione \u00e8 necessaria la presenza di due testimoni (italiani o stranieri che comprendano l\u2019italiano, non parenti delle parti interessate).<\/p>\n<p>8. REVOCA DI PROCURA:<br \/>\nPer la Revoca di procura fornire tutti i dati relativi alla procura da revocare (data, numero di repertorio, generalit\u00e0 e indirizzo del procuratore).<br \/>\nN.B. l&#8217;interessato deve provvedere per proprio conto a trasmettere la revoca al procuratore revocato ed al notaio italiano presso il quale era depositato l&#8217;atto.<\/p>\n<p><strong>Moduli<\/strong><\/p>\n<p><a title=\"Atti Notarili\" href=\"https:\/\/consfiladelfia.esteri.it\/wp-content\/uploads\/2023\/06\/73349_f_cons57modulodatiperappuntamentonotarile1.doc\" target=\"_blank\" rel=\"noopener\">Modulo di richiesta Atti Notarili<\/a>\u00a0per procure speciali e generali<\/p>\n","protected":false},"excerpt":{"rendered":"ATTI NOTARILI\/PROCURE La procura \u00e8 lo strumento giuridico mediante il quale un soggetto (rappresentato o mandante) conferisce ad altro soggetto (rappresentante o procuratore) il potere di agire in suo nome e conto nel compimento di atti giuridici i cui effetti sorgeranno direttamente in capo al rappresentato. Le procure, a seconda che vengano conferite per lo [&hellip;]","protected":false},"author":5,"featured_media":0,"parent":89,"menu_order":2,"comment_status":"closed","ping_status":"closed","template":"","meta":{"footnotes":""},"class_list":["post-793","page","type-page","status-publish","hentry"],"_links":{"self":[{"href":"https:\/\/consfiladelfia.esteri.it\/it\/wp-json\/wp\/v2\/pages\/793","targetHints":{"allow":["GET"]}}],"collection":[{"href":"https:\/\/consfiladelfia.esteri.it\/it\/wp-json\/wp\/v2\/pages"}],"about":[{"href":"https:\/\/consfiladelfia.esteri.it\/it\/wp-json\/wp\/v2\/types\/page"}],"author":[{"embeddable":true,"href":"https:\/\/consfiladelfia.esteri.it\/it\/wp-json\/wp\/v2\/users\/5"}],"replies":[{"embeddable":true,"href":"https:\/\/consfiladelfia.esteri.it\/it\/wp-json\/wp\/v2\/comments?post=793"}],"version-history":[{"count":3,"href":"https:\/\/consfiladelfia.esteri.it\/it\/wp-json\/wp\/v2\/pages\/793\/revisions"}],"predecessor-version":[{"id":1927,"href":"https:\/\/consfiladelfia.esteri.it\/it\/wp-json\/wp\/v2\/pages\/793\/revisions\/1927"}],"up":[{"embeddable":true,"href":"https:\/\/consfiladelfia.esteri.it\/it\/wp-json\/wp\/v2\/pages\/89"}],"wp:attachment":[{"href":"https:\/\/consfiladelfia.esteri.it\/it\/wp-json\/wp\/v2\/media?parent=793"}],"curies":[{"name":"wp","href":"https:\/\/api.w.org\/{rel}","templated":true}]}}