{"id":808,"date":"2023-06-09T09:57:42","date_gmt":"2023-06-09T13:57:42","guid":{"rendered":"https:\/\/consfiladelfia.esteri.it\/?page_id=808"},"modified":"2023-06-09T09:57:42","modified_gmt":"2023-06-09T13:57:42","slug":"autocertificazioni","status":"publish","type":"page","link":"https:\/\/consfiladelfia.esteri.it\/it\/servizi-consolari-e-visti\/servizi-per-il-cittadino-italiano\/servizi-notarili\/autocertificazioni\/","title":{"rendered":"Autocertificazioni"},"content":{"rendered":"<p><strong>AUTOCERTIFICAZIONE<\/strong><\/p>\n<p>Per &#8220;autocertificazione&#8221; si intende &#8220;la certificazione prodotta dall\u2019interessato in sostituzione della normale certificazione&#8221; (art.2, legge 15\/1968). Essa rappresenta cio\u00e8 la possibilit\u00e0 per il cittadino di fornire le stesse notizie presenti in un registro pubblico in modo pi\u00f9 semplice e con meno oneri. La possibilit\u00e0 di avvalersi dell\u2019autocertificazione \u00e8 concessa a tutti i cittadini italiani e dei Paesi europei. La facolt\u00e0 di avvalersi di dichiarazioni sostitutive \u00e8 stata estesa anche ai cittadini extracomunitari regolarmente soggiornanti in Italia limitatamente ai dati verificabili o certificabili in Italia da soggetti pubblici. L\u2019autocertificazione e le dichiarazioni sostitutive possono essere utilizzate nei rapporti con la Pubblica Amministrazione e con i concessionari e i gestori di pubblici servizi.<br \/>\nNon possono invece essere utilizzate nei rapporti tra i privati, salvo che gli stessi non vi acconsentano, e davanti all\u2019autorit\u00e0 giudiziaria nello svolgimento di funzioni giurisdizionali. Certificati sostituiti dall\u2019autocertificazione<\/p>\n<p>L\u2019autocertificazione pu\u00f2 essere sostitutiva di:<\/p>\n<p><strong>NORMALI CERTIFICAZIONI<\/strong><\/p>\n<p>Si pu\u00f2 dunque ricorrere all\u2019autocertificazione nei seguenti casi: data e luogo di nascita;<br \/>\nresidenza; cittadinanza<br \/>\ngodimento dei diritti politici;<br \/>\nstato di celibe, coniugato o vedovo;<br \/>\nstato di famiglia;<br \/>\nesistenza in vita; nascita del figlio;<br \/>\ndecesso del coniuge, dell\u2019ascendente o discendente;<br \/>\nposizione agli effetti degli obblighi militari;<br \/>\niscrizione in albi o elenchi tenuti dalla Pubblica Amministrazione; titoli di studio acquisiti;<br \/>\nqualifiche professionali;<br \/>\nesami universitari e di stato sostenuti;<br \/>\ntitoli di specializzazione;<br \/>\ntitoli di abilitazione; titoli di formazione; titoli di<br \/>\naggiornamento;<br \/>\ntitoli di qualificazione tecnica;<br \/>\nsituazione reddituale o economica anche ai fini della concessione di benefici e vantaggi di qualsiasi tipo previsti da leggi speciali;<br \/>\nassolvimento di specifici obblighi contributivi con l\u2019indicazione dell\u2019ammontare; codice fiscale o partita IVA;<br \/>\nqualsiasi dato dell\u2019anagrafe tributaria;<br \/>\nstato di disoccupazione;<br \/>\nqualit\u00e0 di pensionato e categoria di pensione;<br \/>\nqualit\u00e0 di studente;<br \/>\nqualit\u00e0 di casalinga;<br \/>\nqualit\u00e0 di legale rappresentante di persone fisiche o giuridiche, di tutore, di curatore e simili;<br \/>\niscrizione presso associazioni o formazioni sociali di qualsiasi tipo;<br \/>\nadempimento o meno degli obblighi militari compresi quelli di cui all\u2019art. 77 del D.P.R.<br \/>\nn. 237\/64 come modificato dall\u2019art. 22 della legge 958\/86; assenza di condanne penali;<br \/>\nqualit\u00e0 di vivenza a carico;<br \/>\ntutti i dati a diretta conoscenza dell\u2019interessato contenuti nei registri dello stato civile.<\/p>\n<p>Modalit\u00e0 della dichiarazione sostitutiva di certificati:<br \/>\nLa dichiarazione sostitutiva delle normali certificazioni si pu\u00f2 fare scrivendo su carta semplice e firmando sotto la propria ed esclusiva responsabilit\u00e0 (non \u00e8 necessario firmare davanti all\u2019impiegato) o compilando dichiarazioni sostitutive.<br \/>\nInoltre, \u00e8 possibile trasmettere documenti, atti e certificati per fax, per posta o mezzo telematico e informatico alle Amministrazioni Pubbliche.<\/p>\n<p><strong>ATTI NOTORI<\/strong><\/p>\n<p>Gli interessati possono ricorrere all\u2019autocertificazione per tutti gli stati, fatti e qualit\u00e0 personali che non siano certificabili da parte di una pubblica amministrazione, mediante dichiarazione sostitutiva dell\u2019atto di notoriet\u00e0 ai sensi dell\u2019art.47 del DPR 445\/2000.<br \/>\nInoltre, la dichiarazione sostitutiva dell\u2019atto di notoriet\u00e0 pu\u00f2 riguardare anche circostanze relative ad altri soggetti, di cui il dichiarante abbia diretta conoscenza, nonch\u00e9 la possibilit\u00e0 di attestare la conformit\u00e0 all\u2019originale di una pubblicazione. La dichiarazione sostitutiva di atti notori pu\u00f2 essere fatta dichiarando fatti, stati o qualit\u00e0 personali a diretta conoscenza dell\u2019interessato dinanzi al funzionario competente a ricevere la documentazione, o dinanzi a un notaio, cancelliere, segretario comunale o altro funzionario incaricato dal sindaco.<br \/>\nQualora si tratti di stati, fatti e qualit\u00e0 personali certificabili o attestabili da parte di un altro soggetto pubblico e l\u2019amministrazione ritenga necessario controllare la veridicit\u00e0 delle dichiarazioni, ha a disposizione 15 giorni di tempo dalle dichiarazioni per richiedere la necessaria documentazione.<\/p>\n<p><strong>Validit\u00e0 delle dichiarazioni sostitutive di normali certificazioni e di atti notori<\/strong><br \/>\nle dichiarazioni sostitutive hanno la stessa validit\u00e0 degli atti che sostituiscono.<br \/>\nNormalmente i certificati hanno validit\u00e0 per sei mesi dalla data in cui sono stati rilasciati, salvo che norme di legge o regolamentari non dispongano una validit\u00e0 superiore. La validit\u00e0 delle certificazioni anagrafiche e quelle relative allo stato civile \u00e8 prolungabile se l\u2019interessato dichiara che i dati contenuti nel certificato non hanno subito modifiche e sottoscrive tale dichiarazione.<br \/>\nHanno validit\u00e0 illimitata, invece, i certificati e le dichiarazioni sostitutive che attestano stati e fatti personali che non sono soggetti a modificazioni (certificati di nascita, di morte, titoli di studio, ecc.).<\/p>\n<p><strong>La possibilit\u00e0 di avvalersi dell\u2019autocertificazione non \u00e8 MAI ammessa per i certificati:<\/strong><br \/>\nmedici; sanitari; veterinari; di origine; di conformit\u00e0 all\u2019Ue; marchi; brevetti.<\/p>\n<p><strong>Casi in cui la Pubblica Amministrazione NON PUO\u2019 pi\u00f9 chiedere certificazioni ai cittadini<\/strong><br \/>\nNel caso in cui si debba certificare i dati relativi a cognome, nome, luogo e data di nascita, cittadinanza, stato civile e residenza, la Pubblica Amministrazione non pu\u00f2 pi\u00f9 chiedere certificazioni ma \u00e8 sufficiente l\u2019esibizione di un documento di riconoscimento. La registrazione dei dati avviene attraverso la fotocopia non autenticata del documento stesso.<br \/>\nSe il documento non \u00e8 pi\u00f9 valido, l\u2019interessato deve dichiarare, in margine alla fotocopia, che i dati contenuti nel documento non sono variati dalla data del rilascio.<\/p>\n<p><strong>Sanzioni per i cittadini che forniscono dichiarazioni non veritiere<\/strong><br \/>\nSe le amministrazioni hanno dubbi sulla veridicit\u00e0 delle autocertificazioni, sono tenute a effettuare i controlli necessari.<br \/>\nNel caso vengano riscontrate dichiarazioni mendaci, la falsit\u00e0 negli atti e l\u2019uso di atti falsi sono puniti ai sensi del codice penale e delle leggi in materia.<br \/>\nIl dichiarante inoltre decade dai benefici eventualmente conseguiti grazie a provvedimenti basati su dichiarazioni non veritiere.<\/p>\n<p><strong>Documenti di riconoscimento e di identit\u00e0<\/strong><br \/>\nIn tutti i casi in cui viene richiesto un documento di identit\u00e0 esso pu\u00f2 essere sostituito da un documento di riconoscimento equipollente. Sono equipollenti alla carta di identit\u00e0:<br \/>\nIl passaporto;<br \/>\nLa patente di guida; La patente nautica;<br \/>\nIl libretto di pensione;<br \/>\nIl patentino di abilitazione alla conduzione di impianti termici;<br \/>\nIl porto d\u2019armi;<br \/>\nLe tessere di riconoscimento rilasciate da un\u2019Amministrazione dello Stato, purch\u00e9 munite di fotografia e di timbro o altra segnatura equivalente.<br \/>\nNel caso il documento sia scaduto, esso pu\u00f2 essere ugualmente esibito, con una dichiarazione dell\u2019interessato sulla fotocopia del documento che i dati in esso contenuti non sono cambiati.<\/p>\n","protected":false},"excerpt":{"rendered":"AUTOCERTIFICAZIONE Per &#8220;autocertificazione&#8221; si intende &#8220;la certificazione prodotta dall\u2019interessato in sostituzione della normale certificazione&#8221; (art.2, legge 15\/1968). Essa rappresenta cio\u00e8 la possibilit\u00e0 per il cittadino di fornire le stesse notizie presenti in un registro pubblico in modo pi\u00f9 semplice e con meno oneri. La possibilit\u00e0 di avvalersi dell\u2019autocertificazione \u00e8 concessa a tutti i cittadini italiani [&hellip;]","protected":false},"author":3,"featured_media":0,"parent":89,"menu_order":6,"comment_status":"closed","ping_status":"closed","template":"","meta":{"footnotes":""},"class_list":["post-808","page","type-page","status-publish","hentry"],"_links":{"self":[{"href":"https:\/\/consfiladelfia.esteri.it\/it\/wp-json\/wp\/v2\/pages\/808","targetHints":{"allow":["GET"]}}],"collection":[{"href":"https:\/\/consfiladelfia.esteri.it\/it\/wp-json\/wp\/v2\/pages"}],"about":[{"href":"https:\/\/consfiladelfia.esteri.it\/it\/wp-json\/wp\/v2\/types\/page"}],"author":[{"embeddable":true,"href":"https:\/\/consfiladelfia.esteri.it\/it\/wp-json\/wp\/v2\/users\/3"}],"replies":[{"embeddable":true,"href":"https:\/\/consfiladelfia.esteri.it\/it\/wp-json\/wp\/v2\/comments?post=808"}],"version-history":[{"count":0,"href":"https:\/\/consfiladelfia.esteri.it\/it\/wp-json\/wp\/v2\/pages\/808\/revisions"}],"up":[{"embeddable":true,"href":"https:\/\/consfiladelfia.esteri.it\/it\/wp-json\/wp\/v2\/pages\/89"}],"wp:attachment":[{"href":"https:\/\/consfiladelfia.esteri.it\/it\/wp-json\/wp\/v2\/media?parent=808"}],"curies":[{"name":"wp","href":"https:\/\/api.w.org\/{rel}","templated":true}]}}