{"id":855,"date":"2023-06-09T12:18:39","date_gmt":"2023-06-09T16:18:39","guid":{"rendered":"https:\/\/consfiladelfia.esteri.it\/?page_id=855"},"modified":"2026-03-09T10:40:31","modified_gmt":"2026-03-09T14:40:31","slug":"dichiarazioni-di-valore","status":"publish","type":"page","link":"https:\/\/consfiladelfia.esteri.it\/it\/servizi-consolari-e-visti\/servizi-per-il-cittadino-straniero\/studi\/dichiarazioni-di-valore\/","title":{"rendered":"Dichiarazioni di valore"},"content":{"rendered":"<p><strong>L&#8217;Ufficio Istruzione<\/strong>\u00a0fornisce informazioni e consulenza per l&#8217;iscrizione a Scuole e Universit\u00e0 in Italia e rilascia le necessarie dichiarazioni di valore per i titoli conseguiti presso Scuole e Universit\u00e0 della circoscrizione consolare perch\u00e9 gli interessati possano ottenere l\u2019equipollenza dei titoli di studio primari e secondari con analoghi titoli italiani, l\u2019iscrizione a scuole ed Universit\u00e0 italiane, il riconoscimento in Italia degli studi universitari e l\u2019assegnazione di borse di studio.<\/p>\n<p><strong>Dichiarazione di valore<\/strong><\/p>\n<p>Gli stranieri e gli italiani residenti all\u2019estero possono accedere alle Universit\u00e0 italiane presentando al Consolato una domanda che deve essere corredata dalla documentazione prescritta. Questa documentazione deve essere approvata dalle competenti Autorit\u00e0 italiane, in base alla valutazione dei titoli di studio conseguiti all\u2019estero.<\/p>\n<p>L\u2019Ufficio Istruzione del Consolato deve inoltre accertare e certificare che i titoli di studio di scuola secondaria consentano l\u2019ammissione ai corsi universitari nell\u2019ordinamento del Paese nel quale sono stati conseguiti (&#8220;Dichiarazione di valore&#8221;).<\/p>\n<p>&nbsp;<\/p>\n<p><a href=\"https:\/\/consfiladelfia.esteri.it\/wp-content\/uploads\/2025\/12\/ISTRUZIONI-DICHIARAZIONE-DI-VALORE.pdf\"><strong>Istruzioni sulla procedura di richiesta della Dichiarazione di valore<\/strong><\/a><\/p>\n<p><a href=\"https:\/\/consfiladelfia.esteri.it\/wp-content\/uploads\/2023\/06\/come_ottenere_la_dichiarazione_di_valore_-_sintesi.pdf\" target=\"_blank\" rel=\"noopener\"><strong>Come richiedere una Dichiarazione di Valore &#8211; Sintesi<\/strong><\/a><\/p>\n<p><a href=\"https:\/\/consfiladelfia.esteri.it\/wp-content\/uploads\/2023\/06\/modulo_di_richiesta_doc_scolastici-_request_form.pdf\" target=\"_blank\" rel=\"noopener\"><strong>Modulo di richiesta<\/strong><\/a><\/p>\n<p>&#8212;&#8212;&#8212;&#8212;&#8212;&#8212;&#8212;&#8212;&#8212;&#8212;&#8212;&#8212;&#8212;&#8212;&#8212;&#8212;&#8212;&#8212;&#8212;&#8212;&#8212;&#8212;&#8212;&#8212;&#8212;&#8212;&#8212;&#8212;&#8212;&#8212;&#8212;&#8212;&#8212;&#8212;&#8212;<\/p>\n<p><a href=\"https:\/\/consfiladelfia.esteri.it\/wp-content\/uploads\/2023\/06\/Exchange-students.doc\" target=\"_blank\" rel=\"noopener\"><strong>Dichiarazioni di valore <\/strong><\/a>per gli studenti che hanno frequentato un anno di liceo negli Stati Uniti.<\/p>\n<p>Contatti:<br \/>\nemail:\u00a0<a href=\"mailto:education.filadelfia@esteri.it\">education.filadelfia@esteri.it<\/a><br \/>\ntel (267) 984-4840<\/p>\n","protected":false},"excerpt":{"rendered":"L&#8217;Ufficio Istruzione\u00a0fornisce informazioni e consulenza per l&#8217;iscrizione a Scuole e Universit\u00e0 in Italia e rilascia le necessarie dichiarazioni di valore per i titoli conseguiti presso Scuole e Universit\u00e0 della circoscrizione consolare perch\u00e9 gli interessati possano ottenere l\u2019equipollenza dei titoli di studio primari e secondari con analoghi titoli italiani, l\u2019iscrizione a scuole ed Universit\u00e0 italiane, il [&hellip;]","protected":false},"author":5,"featured_media":0,"parent":829,"menu_order":6,"comment_status":"closed","ping_status":"closed","template":"","meta":{"footnotes":""},"class_list":["post-855","page","type-page","status-publish","hentry"],"_links":{"self":[{"href":"https:\/\/consfiladelfia.esteri.it\/it\/wp-json\/wp\/v2\/pages\/855","targetHints":{"allow":["GET"]}}],"collection":[{"href":"https:\/\/consfiladelfia.esteri.it\/it\/wp-json\/wp\/v2\/pages"}],"about":[{"href":"https:\/\/consfiladelfia.esteri.it\/it\/wp-json\/wp\/v2\/types\/page"}],"author":[{"embeddable":true,"href":"https:\/\/consfiladelfia.esteri.it\/it\/wp-json\/wp\/v2\/users\/5"}],"replies":[{"embeddable":true,"href":"https:\/\/consfiladelfia.esteri.it\/it\/wp-json\/wp\/v2\/comments?post=855"}],"version-history":[{"count":2,"href":"https:\/\/consfiladelfia.esteri.it\/it\/wp-json\/wp\/v2\/pages\/855\/revisions"}],"predecessor-version":[{"id":4153,"href":"https:\/\/consfiladelfia.esteri.it\/it\/wp-json\/wp\/v2\/pages\/855\/revisions\/4153"}],"up":[{"embeddable":true,"href":"https:\/\/consfiladelfia.esteri.it\/it\/wp-json\/wp\/v2\/pages\/829"}],"wp:attachment":[{"href":"https:\/\/consfiladelfia.esteri.it\/it\/wp-json\/wp\/v2\/media?parent=855"}],"curies":[{"name":"wp","href":"https:\/\/api.w.org\/{rel}","templated":true}]}}